{"id":5796,"date":"2023-10-05T12:37:56","date_gmt":"2023-10-05T10:37:56","guid":{"rendered":"https:\/\/impactnewenergy.com\/klauzula-dla-wykonawcow\/"},"modified":"2025-04-02T08:37:50","modified_gmt":"2025-04-02T06:37:50","slug":"klauzula-dla-wykonawcow","status":"publish","type":"page","link":"https:\/\/impactnewenergy.com\/pl\/klauzula-dla-wykonawcow\/","title":{"rendered":"Klauzula dla wykonawc\u00f3w"},"content":{"rendered":"\r\n<section class=\"block-acf block-hero block-hero--one_col\"  data-id=\"block_b0507e9a250c202b4d3fd508356bd05c\">\r\n\t<style>.block-hero{margin-block:0;margin-bottom:5rem;padding-top:3.75rem}@media(min-width: 1200px)and (max-width: 1399px){.block-hero .container{max-width:81.5625rem}}@media(min-width: 1400px){.block-hero .container{padding:0 3.5rem}}.block-hero__inner{padding-top:1.125rem}@media(max-width: 1199px){.block-hero__inner h1 br{display:none}}.block-hero h1{text-transform:uppercase;margin-top:0}@media(max-width: 991px){.block-hero h1{font-size:1.75rem}}.block-hero p{margin-bottom:2rem;font-size:1.375rem;line-height:1.4545454545;font-weight:400}@media(min-width: 992px){.block-hero p{font-size:1.625rem;line-height:1.2307692308;margin-bottom:3rem}}.block-hero__image{position:relative;overflow:hidden;width:100%}@media(min-width: 992px){.block-hero__image{padding-top:26.25rem}}@media(min-width: 1400px){.block-hero__image{max-height:26.25rem}}@media(max-width: 991px){.block-hero__image{margin-top:2rem}}.block-hero__image img{max-width:100%;width:100%}@media(max-width: 991px){.block-hero__image img{aspect-ratio:705\/469;object-fit:cover}}@media(min-width: 992px){.block-hero__image img{position:absolute;top:0;left:0;right:0;height:100%;width:100%;object-fit:cover;object-position:center}}.block-hero__image::after{position:absolute;content:\"\";width:100%;height:100%;inset:0;background:rgba(61,63,146,.2);mix-blend-mode:overlay}@media(min-width: 992px){.block-hero__img-top img{object-position:top}}@media(min-width: 992px){.block-hero__img-bottom img{object-position:bottom}}@media(min-width: 992px){.block-hero--two_cols{padding-top:2rem}}@media(min-width: 992px){.block-hero--two_cols .block-hero__inner h1+.c-btn{margin-top:0}}@media(min-width: 992px)and (max-width: 1199px){.block-hero--two_cols .block-hero__inner p>br{display:none}}@media(min-width: 992px){.block-hero--two_cols .block-hero__row{display:grid;grid-template-columns:1fr 50%;grid-gap:3.5625rem}}@media(min-width: 992px){.block-hero--two_cols .block-hero__image{height:100%;max-height:29.3125rem;padding:0}}@media(min-width: 1400px){.block-hero--two_cols .block-hero__image{height:29.3125rem;padding:0}}.block-hero--two_cols .block-hero__image::after{background:rgba(65,65,65,.3);mix-blend-mode:multiply}@media(min-width: 992px){.block-hero--two_cols .c-btn{margin-top:0.9375rem}}@media(max-width: 991px){.block-hero--two_cols .block-video{margin-top:3rem}}.block-hero--two_cols .block-video--oembed .iframe-wrapper{max-height:21.875rem;padding-bottom:56.4%}@media(min-width: 992px){.block-hero--two_cols.block-hero--video .block-hero__row{align-items:center}}.block-hero--one_col .block-hero__image,.block-hero--one_col .block-video{margin-top:2rem}@media(min-width: 992px){.block-hero--one_col .block-hero__image,.block-hero--one_col .block-video{margin-top:3rem}}@media(min-width: 1200px){.block-hero--one_col.block-hero--oembed .block-video--autoplay{height:26.25rem}}.block-hero__bg-image{position:absolute;width:100%;height:100%;inset:0;z-index:-1}.block-hero__bg-image img{height:100%;width:100%;position:absolute;object-fit:cover}.block-hero__bg-image::after{position:absolute;content:\"\";width:100%;height:100%;inset:0;background:url(\"https:\/\/impactnewenergy.com\/wp-content\/themes\/impact\/images\/page-theme\/hero-pattern.svg\") top left no-repeat;background-size:cover}.block-hero--with-img-bg,.block-hero--with-video-bg{padding-top:3rem;padding-bottom:3rem;position:relative}@media(min-width: 992px){.block-hero--with-img-bg,.block-hero--with-video-bg{min-height:40.625rem;padding-top:9.3125rem;padding-bottom:3rem}}@media(min-width: 992px){.block-hero--with-img-bg .block-hero__inner,.block-hero--with-video-bg .block-hero__inner{max-width:66.0625rem}}@media(min-width: 992px){.block-hero--with-img-bg .block-hero__inner p,.block-hero--with-video-bg .block-hero__inner p{max-width:42.75rem;font-size:1.25rem;line-height:1.4;font-weight:500}}.block-hero--with-video-bg{overflow:hidden}.block-hero--with-video-bg .block-video{position:absolute;width:100%;height:100%;inset:0;z-index:-1;margin:0;max-height:unset !important}.block-hero--with-video-bg .block-video .video-bg-file{width:100%;height:100%;object-fit:cover;object-position:center;position:absolute}.block-hero--with-video-bg .block-video .iframe-wrapper{width:100%;height:100%;object-fit:cover;position:absolute;padding:0;margin:0;max-width:unset !important;max-height:unset !important;bottom:0}.block-hero--with-video-bg .block-video .iframe-wrapper,.block-hero--with-video-bg .block-video .video-internal-file{max-width:100%;max-height:100%}.block-hero--with-video-bg .block-video .video-internal-file{padding-bottom:0;height:100%}@media(min-width: 1200px){.block-hero--with-video-bg .block-video--oembed.block-video--autoplay{height:100%}}@media(min-width: 1200px){.block-hero--with-video-bg .block-video--oembed.block-video--autoplay .iframe-wrapper{top:0;transform:translateY(0)}}.block-hero__sticky-button{position:fixed;right:0;bottom:2%;border-radius:3.125rem 0 0 3.125rem;background:rgba(61,63,146,.8);color:#fff;padding:1.25rem 2.5rem;transition:color .2s,background-color .2s;font-size:1.125rem;line-height:1.3333333333;font-weight:400;z-index:2}.block-hero__sticky-button:hover,.block-hero__sticky-button:focus{color:#fff;background:#3cbcc9}@media(min-width: 992px){.block-hero__sticky-button{padding:1.75rem 3.25rem 1.75rem 4.5rem}}@media(min-width: 992px){.home .block-hero{padding-top:4.0625rem}}.home .block-hero .block-hero__inner h1{margin-bottom:2rem}@media(min-width: 992px){.home .block-hero .block-hero__inner h1{font-size:3rem;line-height:1.125;margin-bottom:3rem}}@media(min-width: 992px){.block-hero--modal .block-hero__inner{padding-top:0}}<\/style>\t\r\n\t\r\n\t<div class=\"container\">\r\n\t\t<div class=\"block-hero__row\">\r\n\t\t\t<div class=\"block-hero__inner\" data-scroll-animation>\r\n\t\t\t\t\t\t\t\t\t<h1>Klauzula wykonawcy<\/h1>\n<div id=\"gtx-trans\" style=\"position: absolute;left: 223px;top: -24px\">\n<div class=\"gtx-trans-icon\"><\/div>\n<\/div>\n\t\t\t\t\r\n\t\t\t\t\r\n\t\t\t\t\t\t\t<\/div>\r\n\r\n\t\t\t\r\n\t\t\t\t\t<\/div>\r\n\t<\/div>\r\n\t<\/section>\r\n\n\n\r\n<section class=\"block-acf section section-wrapper section section--indigo\"  data-id=\"block_075cd1927fc84bafc97999648c61986f\">\r\n\t<style>body.single-post .page-entry .block-acf.section .container,body.single-news .page-entry .block-acf.section .container{padding:0}.section--white{background-color:#fff;color:#0d0d0e}.section--gray{background-color:#f5f4f5;color:#0d0d0e}.page-content .section--indigo{background-color:#d8d9e9;color:#0d0d0e}.page-content .section--indigo a:not([class]){background-image:linear-gradient(transparent 50%, rgba(61, 63, 146, 0.2) 50%);color:#0d0d0e}.page-content .section--indigo a:not([class]):hover{color:#0d0d0e}<\/style>\t\t\t\n\n<section class=\"wp-block-custom-container alignwide block-content  block-content--spacing-top block-content--spacing-bottom\"><style>.block-content--spacing-top{padding-top:70px}.block-content--spacing-bottom{padding-bottom:70px}.block-content--margin-top{margin-top:84px}.block-content--margin-bottom{margin-bottom:84px}.container__body .wp-block-columns:last-child{margin-bottom:0}<\/style><div class=\"container container--wide\"><div class=\"container__body\">\n<h2 class=\"wp-block-heading\">Chcieliby\u015bmy poinformowa\u0107, \u017ce:<\/h2>\n\n\n\n<ol style=\"list-style-type:1\" class=\"wp-block-list\">\n<li>Administratorem Twoich danych osobowych jest Impact Clean Power Technology S.A. z siedzib\u0105 w Pruszkowie, adres: ul. Przejazdowa 22, KRS: 0000378990, NIP: 525-250-10-81, REGON: 142846310.<\/li>\n\n\n\n<li>Je\u017celi maj\u0105 Pa\u0144stwo jakiekolwiek pytania dotycz\u0105ce przetwarzania Pa\u0144stwa danych osobowych, zach\u0119camy do kontaktu z Inspektorem Ochrony Danych Osobowych. Mo\u017cna to zrobi\u0107 za po\u015brednictwem poczty elektronicznej pod adresem <a href=\"mailto:rodo@icpt.pl\">rodo@icpt.pl<\/a> lub pisemnie na adres naszej siedziby z dopiskiem \u201eUrz\u0105d Ochrony Danych Osobowych\u201d. <\/li>\n\n\n\n<li>Twoje dane osobowe b\u0119d\u0105 przetwarzane w celu podj\u0119cia dzia\u0142a\u0144 na \u017c\u0105danie osoby, kt\u00f3rej dane dotycz\u0105, przed zawarciem umowy, a w przypadku wyboru Twojej oferty, w celu zawarcia i wykonania umowy na podstawie art. 6 ust. 1 lit. b) Rozporz\u0105dzenia Parlamentu Europejskiego i Rady (UE) 2016\/679.<\/li>\n\n\n\n<li>Twoje dane osobowe nie b\u0119d\u0105 przetwarzane w spos\u00f3b zautomatyzowany, w tym w formie profilowania.<\/li>\n\n\n\n<li>Masz prawo \u017c\u0105da\u0107 dost\u0119pu do swoich danych osobowych, ich sprostowania, usuni\u0119cia lub ograniczenia przetwarzania, prawo do wniesienia sprzeciwu wobec przetwarzania oraz prawo do przenoszenia danych.<\/li>\n\n\n\n<li>Dane osobowe, o kt\u00f3rych mowa, b\u0119d\u0105 przechowywane przez okres realizacji umowy, a tak\u017ce po jej zako\u0144czeniu oraz w okresie niezb\u0119dnym do ustalenia, dochodzenia lub obrony roszcze\u0144, maksymalnie przez okres 10 lat od dnia zako\u0144czenia umowy.<\/li>\n\n\n\n<li>Wybrane dane mog\u0105 by\u0107 udost\u0119pniane nast\u0119puj\u0105cym podmiotom: <em>Biuro Informacji Gospodarczej (BIG)<\/em>, kancelariom prawnym, komornikom, towarzystwom ubezpieczeniowym, firmom windykacyjnym, dostawcom oprogramowania, podmiotom \u015bwiadcz\u0105cym wsparcie techniczne.<\/li>\n\n\n\n<li>Podanie danych jest dobrowolne, ale konieczne w celu wzi\u0119cia udzia\u0142u w procesie zakupowym i\/lub zawarcia i realizacji umowy lub zam\u00f3wienia.<\/li>\n\n\n\n<li>Informujemy, i\u017c przys\u0142uguje Pa\u0144stwu prawo wniesienia skargi do organu nadzorczego, kt\u00f3rym jest Prezes Urz\u0119du Ochrony Danych Osobowych.<\/li>\n<\/ol>\n\n\n\n<p><\/p>\n<\/div><\/div><\/section>\n\n\r\n<\/section>\r\n","protected":false},"excerpt":{"rendered":"","protected":false},"author":7,"featured_media":0,"parent":0,"menu_order":0,"comment_status":"closed","ping_status":"closed","template":"","meta":{"footnotes":""},"class_list":["post-5796","page","type-page","status-publish","hentry"],"acf":[],"yoast_head":"<!-- This site is optimized with the Yoast SEO plugin v24.0 - https:\/\/yoast.com\/wordpress\/plugins\/seo\/ -->\n<title>Klauzula dla wykonawc\u00f3w - IMPACT Clean Power Technology<\/title>\n<meta name=\"robots\" content=\"index, follow, max-snippet:-1, max-image-preview:large, max-video-preview:-1\" \/>\n<link rel=\"canonical\" href=\"https:\/\/impactnewenergy.com\/pl\/klauzula-dla-wykonawcow\/\" \/>\n<meta property=\"og:locale\" content=\"pl_PL\" \/>\n<meta property=\"og:type\" content=\"article\" \/>\n<meta property=\"og:title\" content=\"Klauzula dla wykonawc\u00f3w - IMPACT Clean Power Technology\" \/>\n<meta property=\"og:url\" content=\"https:\/\/impactnewenergy.com\/pl\/klauzula-dla-wykonawcow\/\" \/>\n<meta property=\"og:site_name\" content=\"IMPACT Clean Power Technology\" \/>\n<meta property=\"article:modified_time\" content=\"2025-04-02T06:37:50+00:00\" \/>\n<meta name=\"twitter:card\" content=\"summary_large_image\" \/>\n<meta name=\"twitter:label1\" content=\"Szacowany czas czytania\" \/>\n\t<meta name=\"twitter:data1\" content=\"2 minuty\" \/>\n<script type=\"application\/ld+json\" class=\"yoast-schema-graph\">{\"@context\":\"https:\/\/schema.org\",\"@graph\":[{\"@type\":\"WebPage\",\"@id\":\"https:\/\/impactnewenergy.com\/pl\/klauzula-dla-wykonawcow\/\",\"url\":\"https:\/\/impactnewenergy.com\/pl\/klauzula-dla-wykonawcow\/\",\"name\":\"Klauzula dla wykonawc\u00f3w - IMPACT Clean Power Technology\",\"isPartOf\":{\"@id\":\"https:\/\/impactnewenergy.com\/#website\"},\"datePublished\":\"2023-10-05T10:37:56+00:00\",\"dateModified\":\"2025-04-02T06:37:50+00:00\",\"breadcrumb\":{\"@id\":\"https:\/\/impactnewenergy.com\/pl\/klauzula-dla-wykonawcow\/#breadcrumb\"},\"inLanguage\":\"pl-PL\",\"potentialAction\":[{\"@type\":\"ReadAction\",\"target\":[\"https:\/\/impactnewenergy.com\/pl\/klauzula-dla-wykonawcow\/\"]}]},{\"@type\":\"BreadcrumbList\",\"@id\":\"https:\/\/impactnewenergy.com\/pl\/klauzula-dla-wykonawcow\/#breadcrumb\",\"itemListElement\":[{\"@type\":\"ListItem\",\"position\":1,\"name\":\"Home\",\"item\":\"https:\/\/impactnewenergy.com\/pl\/\"},{\"@type\":\"ListItem\",\"position\":2,\"name\":\"Klauzula dla wykonawc\u00f3w\"}]},{\"@type\":\"WebSite\",\"@id\":\"https:\/\/impactnewenergy.com\/#website\",\"url\":\"https:\/\/impactnewenergy.com\/\",\"name\":\"IMPACT Clean Power Technology\",\"description\":\"Inventing ways to manage your energy\",\"publisher\":{\"@id\":\"https:\/\/impactnewenergy.com\/#organization\"},\"potentialAction\":[{\"@type\":\"SearchAction\",\"target\":{\"@type\":\"EntryPoint\",\"urlTemplate\":\"https:\/\/impactnewenergy.com\/?s={search_term_string}\"},\"query-input\":{\"@type\":\"PropertyValueSpecification\",\"valueRequired\":true,\"valueName\":\"search_term_string\"}}],\"inLanguage\":\"pl-PL\"},{\"@type\":\"Organization\",\"@id\":\"https:\/\/impactnewenergy.com\/#organization\",\"name\":\"IMPACT\",\"url\":\"https:\/\/impactnewenergy.com\/\",\"logo\":{\"@type\":\"ImageObject\",\"inLanguage\":\"pl-PL\",\"@id\":\"https:\/\/impactnewenergy.com\/#\/schema\/logo\/image\/\",\"url\":\"https:\/\/impactnewenergy.com\/wp-content\/uploads\/2023\/09\/impact-logo-dark.svg\",\"contentUrl\":\"https:\/\/impactnewenergy.com\/wp-content\/uploads\/2023\/09\/impact-logo-dark.svg\",\"width\":145,\"height\":20,\"caption\":\"IMPACT\"},\"image\":{\"@id\":\"https:\/\/impactnewenergy.com\/#\/schema\/logo\/image\/\"},\"sameAs\":[\"https:\/\/www.linkedin.com\/company\/impact-clean-power-technology-s-a-\/\",\"https:\/\/www.youtube.com\/channel\/UCKRxJi2acocsc-tyXb4aacg\"]}]}<\/script>\n<!-- \/ Yoast SEO plugin. -->","yoast_head_json":{"title":"Klauzula dla wykonawc\u00f3w - IMPACT Clean Power Technology","robots":{"index":"index","follow":"follow","max-snippet":"max-snippet:-1","max-image-preview":"max-image-preview:large","max-video-preview":"max-video-preview:-1"},"canonical":"https:\/\/impactnewenergy.com\/pl\/klauzula-dla-wykonawcow\/","og_locale":"pl_PL","og_type":"article","og_title":"Klauzula dla wykonawc\u00f3w - IMPACT Clean Power Technology","og_url":"https:\/\/impactnewenergy.com\/pl\/klauzula-dla-wykonawcow\/","og_site_name":"IMPACT Clean Power Technology","article_modified_time":"2025-04-02T06:37:50+00:00","twitter_card":"summary_large_image","twitter_misc":{"Szacowany czas czytania":"2 minuty"},"schema":{"@context":"https:\/\/schema.org","@graph":[{"@type":"WebPage","@id":"https:\/\/impactnewenergy.com\/pl\/klauzula-dla-wykonawcow\/","url":"https:\/\/impactnewenergy.com\/pl\/klauzula-dla-wykonawcow\/","name":"Klauzula dla wykonawc\u00f3w - IMPACT Clean Power Technology","isPartOf":{"@id":"https:\/\/impactnewenergy.com\/#website"},"datePublished":"2023-10-05T10:37:56+00:00","dateModified":"2025-04-02T06:37:50+00:00","breadcrumb":{"@id":"https:\/\/impactnewenergy.com\/pl\/klauzula-dla-wykonawcow\/#breadcrumb"},"inLanguage":"pl-PL","potentialAction":[{"@type":"ReadAction","target":["https:\/\/impactnewenergy.com\/pl\/klauzula-dla-wykonawcow\/"]}]},{"@type":"BreadcrumbList","@id":"https:\/\/impactnewenergy.com\/pl\/klauzula-dla-wykonawcow\/#breadcrumb","itemListElement":[{"@type":"ListItem","position":1,"name":"Home","item":"https:\/\/impactnewenergy.com\/pl\/"},{"@type":"ListItem","position":2,"name":"Klauzula dla wykonawc\u00f3w"}]},{"@type":"WebSite","@id":"https:\/\/impactnewenergy.com\/#website","url":"https:\/\/impactnewenergy.com\/","name":"IMPACT Clean Power Technology","description":"Inventing ways to manage your energy","publisher":{"@id":"https:\/\/impactnewenergy.com\/#organization"},"potentialAction":[{"@type":"SearchAction","target":{"@type":"EntryPoint","urlTemplate":"https:\/\/impactnewenergy.com\/?s={search_term_string}"},"query-input":{"@type":"PropertyValueSpecification","valueRequired":true,"valueName":"search_term_string"}}],"inLanguage":"pl-PL"},{"@type":"Organization","@id":"https:\/\/impactnewenergy.com\/#organization","name":"IMPACT","url":"https:\/\/impactnewenergy.com\/","logo":{"@type":"ImageObject","inLanguage":"pl-PL","@id":"https:\/\/impactnewenergy.com\/#\/schema\/logo\/image\/","url":"https:\/\/impactnewenergy.com\/wp-content\/uploads\/2023\/09\/impact-logo-dark.svg","contentUrl":"https:\/\/impactnewenergy.com\/wp-content\/uploads\/2023\/09\/impact-logo-dark.svg","width":145,"height":20,"caption":"IMPACT"},"image":{"@id":"https:\/\/impactnewenergy.com\/#\/schema\/logo\/image\/"},"sameAs":["https:\/\/www.linkedin.com\/company\/impact-clean-power-technology-s-a-\/","https:\/\/www.youtube.com\/channel\/UCKRxJi2acocsc-tyXb4aacg"]}]}},"_links":{"self":[{"href":"https:\/\/impactnewenergy.com\/pl\/wp-json\/wp\/v2\/pages\/5796","targetHints":{"allow":["GET"]}}],"collection":[{"href":"https:\/\/impactnewenergy.com\/pl\/wp-json\/wp\/v2\/pages"}],"about":[{"href":"https:\/\/impactnewenergy.com\/pl\/wp-json\/wp\/v2\/types\/page"}],"author":[{"embeddable":true,"href":"https:\/\/impactnewenergy.com\/pl\/wp-json\/wp\/v2\/users\/7"}],"replies":[{"embeddable":true,"href":"https:\/\/impactnewenergy.com\/pl\/wp-json\/wp\/v2\/comments?post=5796"}],"version-history":[{"count":2,"href":"https:\/\/impactnewenergy.com\/pl\/wp-json\/wp\/v2\/pages\/5796\/revisions"}],"predecessor-version":[{"id":7537,"href":"https:\/\/impactnewenergy.com\/pl\/wp-json\/wp\/v2\/pages\/5796\/revisions\/7537"}],"wp:attachment":[{"href":"https:\/\/impactnewenergy.com\/pl\/wp-json\/wp\/v2\/media?parent=5796"}],"curies":[{"name":"wp","href":"https:\/\/api.w.org\/{rel}","templated":true}]}}