{"id":5802,"date":"2023-10-05T11:08:01","date_gmt":"2023-10-05T09:08:01","guid":{"rendered":"https:\/\/impactnewenergy.com\/polityka-plikow-cookie\/"},"modified":"2025-04-02T08:35:27","modified_gmt":"2025-04-02T06:35:27","slug":"polityka-plikow-cookie","status":"publish","type":"page","link":"https:\/\/impactnewenergy.com\/pl\/polityka-plikow-cookie\/","title":{"rendered":"Polityka plik\u00f3w cookie"},"content":{"rendered":"\r\n<section class=\"block-acf block-hero block-hero--one_col\"  data-id=\"block_91516a1cbfb3959c067a6567ae6b1a6c\">\r\n\t<style>.block-hero{margin-block:0;margin-bottom:5rem;padding-top:3.75rem}@media(min-width: 1200px)and (max-width: 1399px){.block-hero .container{max-width:81.5625rem}}@media(min-width: 1400px){.block-hero .container{padding:0 3.5rem}}.block-hero__inner{padding-top:1.125rem}@media(max-width: 1199px){.block-hero__inner h1 br{display:none}}.block-hero h1{text-transform:uppercase;margin-top:0}@media(max-width: 991px){.block-hero h1{font-size:1.75rem}}.block-hero p{margin-bottom:2rem;font-size:1.375rem;line-height:1.4545454545;font-weight:400}@media(min-width: 992px){.block-hero p{font-size:1.625rem;line-height:1.2307692308;margin-bottom:3rem}}.block-hero__image{position:relative;overflow:hidden;width:100%}@media(min-width: 992px){.block-hero__image{padding-top:26.25rem}}@media(min-width: 1400px){.block-hero__image{max-height:26.25rem}}@media(max-width: 991px){.block-hero__image{margin-top:2rem}}.block-hero__image img{max-width:100%;width:100%}@media(max-width: 991px){.block-hero__image img{aspect-ratio:705\/469;object-fit:cover}}@media(min-width: 992px){.block-hero__image img{position:absolute;top:0;left:0;right:0;height:100%;width:100%;object-fit:cover;object-position:center}}.block-hero__image::after{position:absolute;content:\"\";width:100%;height:100%;inset:0;background:rgba(61,63,146,.2);mix-blend-mode:overlay}@media(min-width: 992px){.block-hero__img-top img{object-position:top}}@media(min-width: 992px){.block-hero__img-bottom img{object-position:bottom}}@media(min-width: 992px){.block-hero--two_cols{padding-top:2rem}}@media(min-width: 992px){.block-hero--two_cols .block-hero__inner h1+.c-btn{margin-top:0}}@media(min-width: 992px)and (max-width: 1199px){.block-hero--two_cols .block-hero__inner p>br{display:none}}@media(min-width: 992px){.block-hero--two_cols .block-hero__row{display:grid;grid-template-columns:1fr 50%;grid-gap:3.5625rem}}@media(min-width: 992px){.block-hero--two_cols .block-hero__image{height:100%;max-height:29.3125rem;padding:0}}@media(min-width: 1400px){.block-hero--two_cols .block-hero__image{height:29.3125rem;padding:0}}.block-hero--two_cols .block-hero__image::after{background:rgba(65,65,65,.3);mix-blend-mode:multiply}@media(min-width: 992px){.block-hero--two_cols .c-btn{margin-top:0.9375rem}}@media(max-width: 991px){.block-hero--two_cols .block-video{margin-top:3rem}}.block-hero--two_cols .block-video--oembed .iframe-wrapper{max-height:21.875rem;padding-bottom:56.4%}@media(min-width: 992px){.block-hero--two_cols.block-hero--video .block-hero__row{align-items:center}}.block-hero--one_col .block-hero__image,.block-hero--one_col .block-video{margin-top:2rem}@media(min-width: 992px){.block-hero--one_col .block-hero__image,.block-hero--one_col .block-video{margin-top:3rem}}@media(min-width: 1200px){.block-hero--one_col.block-hero--oembed .block-video--autoplay{height:26.25rem}}.block-hero__bg-image{position:absolute;width:100%;height:100%;inset:0;z-index:-1}.block-hero__bg-image img{height:100%;width:100%;position:absolute;object-fit:cover}.block-hero__bg-image::after{position:absolute;content:\"\";width:100%;height:100%;inset:0;background:url(\"https:\/\/impactnewenergy.com\/wp-content\/themes\/impact\/images\/page-theme\/hero-pattern.svg\") top left no-repeat;background-size:cover}.block-hero--with-img-bg,.block-hero--with-video-bg{padding-top:3rem;padding-bottom:3rem;position:relative}@media(min-width: 992px){.block-hero--with-img-bg,.block-hero--with-video-bg{min-height:40.625rem;padding-top:9.3125rem;padding-bottom:3rem}}@media(min-width: 992px){.block-hero--with-img-bg .block-hero__inner,.block-hero--with-video-bg .block-hero__inner{max-width:66.0625rem}}@media(min-width: 992px){.block-hero--with-img-bg .block-hero__inner p,.block-hero--with-video-bg .block-hero__inner p{max-width:42.75rem;font-size:1.25rem;line-height:1.4;font-weight:500}}.block-hero--with-video-bg{overflow:hidden}.block-hero--with-video-bg .block-video{position:absolute;width:100%;height:100%;inset:0;z-index:-1;margin:0;max-height:unset !important}.block-hero--with-video-bg .block-video .video-bg-file{width:100%;height:100%;object-fit:cover;object-position:center;position:absolute}.block-hero--with-video-bg .block-video .iframe-wrapper{width:100%;height:100%;object-fit:cover;position:absolute;padding:0;margin:0;max-width:unset !important;max-height:unset !important;bottom:0}.block-hero--with-video-bg .block-video .iframe-wrapper,.block-hero--with-video-bg .block-video .video-internal-file{max-width:100%;max-height:100%}.block-hero--with-video-bg .block-video .video-internal-file{padding-bottom:0;height:100%}@media(min-width: 1200px){.block-hero--with-video-bg .block-video--oembed.block-video--autoplay{height:100%}}@media(min-width: 1200px){.block-hero--with-video-bg .block-video--oembed.block-video--autoplay .iframe-wrapper{top:0;transform:translateY(0)}}.block-hero__sticky-button{position:fixed;right:0;bottom:2%;border-radius:3.125rem 0 0 3.125rem;background:rgba(61,63,146,.8);color:#fff;padding:1.25rem 2.5rem;transition:color .2s,background-color .2s;font-size:1.125rem;line-height:1.3333333333;font-weight:400;z-index:2}.block-hero__sticky-button:hover,.block-hero__sticky-button:focus{color:#fff;background:#3cbcc9}@media(min-width: 992px){.block-hero__sticky-button{padding:1.75rem 3.25rem 1.75rem 4.5rem}}@media(min-width: 992px){.home .block-hero{padding-top:4.0625rem}}.home .block-hero .block-hero__inner h1{margin-bottom:2rem}@media(min-width: 992px){.home .block-hero .block-hero__inner h1{font-size:3rem;line-height:1.125;margin-bottom:3rem}}@media(min-width: 992px){.block-hero--modal .block-hero__inner{padding-top:0}}<\/style>\t\r\n\t\r\n\t<div class=\"container\">\r\n\t\t<div class=\"block-hero__row\">\r\n\t\t\t<div class=\"block-hero__inner\" data-scroll-animation>\r\n\t\t\t\t\t\t\t\t\t<h1>Polityka plik\u00f3w cookie<\/h1>\n<div id=\"gtx-trans\" style=\"position: absolute;left: 59px;top: 50.6px\">\n<div class=\"gtx-trans-icon\"><\/div>\n<\/div>\n\t\t\t\t\r\n\t\t\t\t\r\n\t\t\t\t\t\t\t<\/div>\r\n\r\n\t\t\t\r\n\t\t\t\t\t<\/div>\r\n\t<\/div>\r\n\t<\/section>\r\n\n\n\r\n<section class=\"block-acf section section-wrapper section section--indigo\"  data-id=\"block_bb90d276fd5dec865b98ad102c09c6fe\">\r\n\t<style>body.single-post .page-entry .block-acf.section .container,body.single-news .page-entry .block-acf.section .container{padding:0}.section--white{background-color:#fff;color:#0d0d0e}.section--gray{background-color:#f5f4f5;color:#0d0d0e}.page-content .section--indigo{background-color:#d8d9e9;color:#0d0d0e}.page-content .section--indigo a:not([class]){background-image:linear-gradient(transparent 50%, rgba(61, 63, 146, 0.2) 50%);color:#0d0d0e}.page-content .section--indigo a:not([class]):hover{color:#0d0d0e}<\/style>\t\t\t\n\n<section class=\"wp-block-custom-container alignwide block-content  block-content--spacing-top block-content--spacing-bottom\"><style>.block-content--spacing-top{padding-top:70px}.block-content--spacing-bottom{padding-bottom:70px}.block-content--margin-top{margin-top:84px}.block-content--margin-bottom{margin-bottom:84px}.container__body .wp-block-columns:last-child{margin-bottom:0}<\/style><div class=\"container container--wide\"><div class=\"container__body\">\n<h2 class=\"wp-block-heading\">Czym s\u0105 pliki cookie i do czego s\u0142u\u017c\u0105? <\/h2>\n\n\n\n<p>Serwis nie zbiera w spos\u00f3b automatyczny \u017cadnych informacji, z wyj\u0105tkiem informacji zawartych w plikach cookies. Pliki cookies (tzw. \u201eciasteczka\u201d) stanowi\u0105 dane informatyczne, w szczeg\u00f3lno\u015bci pliki tekstowe, kt\u00f3re przechowywane s\u0105 w urz\u0105dzeniu ko\u0144cowym u\u017cytkownika serwisu i przeznaczone s\u0105 do korzystania ze strony internetowej. Cookies zazwyczaj zawieraj\u0105 nazw\u0119 strony internetowej, z kt\u00f3rej pochodz\u0105, czas przechowywania ich na urz\u0105dzeniu ko\u0144cowym oraz unikalny numer.  <\/p>\n\n\n\n<p>Podmiotem zamieszczaj\u0105cym na urz\u0105dzeniu ko\u0144cowym U\u017cytkownika Serwisu pliki cookies oraz uzyskuj\u0105cym do nich dost\u0119p jest operator Serwisu IMPACT CLEAN POWER TECHNOLOGY S.A. z siedzib\u0105 w Pruszkowie (05-800) ul. Przejazdowa 22. <\/p>\n\n\n\n<h2 class=\"wp-block-heading\">Cel plik\u00f3w cookie<\/h2>\n\n\n\n<p>Mechanizm plik\u00f3w cookie nie jest wykorzystywany do uzyskiwania jakichkolwiek informacji o u\u017cytkownikach witryny ani do \u015bledzenia ich nawigacji. Pliki cookie u\u017cywane na stronach internetowych IMPACT CLEAN POWER TECHNOLOGY S.A. nie przechowuj\u0105 \u017cadnych danych osobowych ani innych informacji zebranych od u\u017cytkownik\u00f3w, ale mo\u017cliwe jest, \u017ce informacje uzyskane za po\u015brednictwem plik\u00f3w cookie b\u0119d\u0105 stanowi\u0107 takie dane. <\/p>\n\n\n\n<p>Zebrane w logach dane wykorzystywane s\u0105 wy\u0142\u0105cznie w celu administrowania stron\u0105 internetow\u0105.<\/p>\n\n\n\n<p>Pliki cookie wykorzystywane s\u0105 w celu:<\/p>\n\n\n\n<ol style=\"list-style-type:1\" class=\"wp-block-list\">\n<li>dostosowania zawarto\u015bci stron internetowych serwisu do preferencji u\u017cytkownika oraz optymalizacji korzystania ze stron internetowych; w szczeg\u00f3lno\u015bci pliki te pozwalaj\u0105 rozpozna\u0107 urz\u0105dzenie u\u017cytkownika serwisu i odpowiednio wy\u015bwietli\u0107 stron\u0119 internetow\u0105, dostosowan\u0105 do jego indywidualnych potrzeb,<\/li>\n\n\n\n<li>tworzenia statystyk, kt\u00f3re pomagaj\u0105 nam zrozumie\u0107, w jaki spos\u00f3b U\u017cytkownicy korzystaj\u0105 ze stron internetowych, co umo\u017cliwia nam ulepszanie ich struktury i zawarto\u015bci,<\/li>\n\n\n\n<li>utrzymania sesji u\u017cytkownika serwisu (po zalogowaniu), dzi\u0119ki kt\u00f3rej u\u017cytkownik nie musi na ka\u017cdej podstronie serwisu ponownie wpisywa\u0107 loginu i has\u0142a,<\/li>\n\n\n\n<li>przechowywa\u0107 informacje o wybranym j\u0119zyku witryny,<\/li>\n\n\n\n<li>przechowywa\u0107 informacje o Twojej zgodzie na wykorzystanie plik\u00f3w cookie dostawc\u00f3w zewn\u0119trznych (Google Analytics),<\/li>\n\n\n\n<li>zbiera\u0107 informacje i raportowa\u0107 statystyki korzystania ze strony internetowej bez osobistej identyfikacji poszczeg\u00f3lnych u\u017cytkownik\u00f3w korzystaj\u0105cych z Google oraz odr\u00f3\u017cnia\u0107 poszczeg\u00f3lnych u\u017cytkownik\u00f3w od siebie.<\/li>\n<\/ol>\n\n\n\n<h2 class=\"wp-block-heading\">Pochodzenie ciasteczek<\/h2>\n\n\n\n<p>Pliki cookie stron trzecich \u2013 s\u0105 wykorzystywane przez strony trzecie do \u015bledzenia wizyt u\u017cytkownika na r\u00f3\u017cnych stronach internetowych, na kt\u00f3rych umieszczaj\u0105 reklamy.<\/p>\n\n\n\n<h2 class=\"wp-block-heading\">Rodzaje plik\u00f3w cookie i ich zastosowanie<\/h2>\n\n\n\n<ol start=\"1\" style=\"list-style-type:1\" class=\"wp-block-list\">\n<li>NIEZB\u0118DNE pliki cookies, umo\u017cliwiaj\u0105ce korzystanie z us\u0142ug dost\u0119pnych w ramach serwisu, np. uwierzytelniaj\u0105ce pliki cookies wykorzystywane do us\u0142ug wymagaj\u0105cych uwierzytelniania w ramach serwisu.<\/li>\n\n\n\n<li>Pliki cookie ANALITYCZNE, umo\u017cliwiaj\u0105ce zbieranie informacji o sposobie korzystania ze stron internetowych serwisu.<\/li>\n\n\n\n<li>Pliki cookie FUNKCJONALNE, umo\u017cliwiaj\u0105ce \u201ezapami\u0119tanie\u201d wybranych przez u\u017cytkownika ustawie\u0144 i personalizacj\u0119 interfejsu u\u017cytkownika, np. w zakresie wybranego j\u0119zyka lub regionu, z kt\u00f3rego pochodzi u\u017cytkownik, rozmiaru czcionki, wygl\u0105du strony internetowej itp.<\/li>\n<\/ol>\n\n\n\n<p>W ramach serwisu stosowane s\u0105 dwa g\u0142\u00f3wne rodzaje plik\u00f3w cookies: \u201esesyjne\u201d oraz \u201esta\u0142e\u201d<\/p>\n\n\n\n<h2 class=\"wp-block-heading\">Czas przechowywania plik\u00f3w cookie<\/h2>\n\n\n\n<p>\u201eCookies sesyjne\u201d s\u0105 plikami tymczasowymi, kt\u00f3re przechowywane s\u0105 w urz\u0105dzeniu ko\u0144cowym u\u017cytkownika do czasu wylogowania, opuszczenia strony internetowej lub wy\u0142\u0105czenia oprogramowania (przegl\u0105darki internetowej). \u201eCookies sta\u0142e\u201d przechowywane s\u0105 w urz\u0105dzeniu ko\u0144cowym u\u017cytkownika przez czas okre\u015blony w parametrach plik\u00f3w cookies lub do czasu ich usuni\u0119cia przez u\u017cytkownika. <\/p>\n\n\n\n<p>Zebrane logi s\u0105 przechowywane przez czas nieokre\u015blony jako materia\u0142 pomocniczy do administrowania us\u0142ug\u0105. Informacje w nich zawarte nie s\u0105 ujawniane nikomu poza osobami upowa\u017cnionymi do administrowania serwerem i sieci\u0105 impactnewenergy.com. Statystyki mog\u0105 by\u0107 generowane z plik\u00f3w dziennika jako pomoc dla administracji. Zbiorcze podsumowania w formie takich statystyk nie zawieraj\u0105 \u017cadnych cech identyfikacyjnych odwiedzaj\u0105cych witryn\u0119.   <\/p>\n\n\n\n<p>Zebrane logi serwera, kt\u00f3re zawieraj\u0105:<\/p>\n\n\n\n<ul class=\"wp-block-list\">\n<li>publiczny adres IP komputera, z kt\u00f3rego wys\u0142ano \u017c\u0105danie (mo\u017ce to by\u0107 bezpo\u015brednio Tw\u00f3j komputer),<\/li>\n\n\n\n<li>nazw\u0119 stacji klienta \u2013 identyfikacja realizowana przez protok\u00f3\u0142 HTTP, o ile jest mo\u017cliwa,<\/li>\n\n\n\n<li>nazwa u\u017cytkownika podana w procesie autoryzacji,<\/li>\n\n\n\n<li>czas przeprowadzenia dochodzenia,<\/li>\n\n\n\n<li>pierwszy wiersz \u017c\u0105dania HTTP,<\/li>\n\n\n\n<li>kod odpowiedzi HTTP,<\/li>\n\n\n\n<li>liczba bajt\u00f3w wys\u0142anych przez serwer,<\/li>\n\n\n\n<li>adres URL witryny internetowej wcze\u015bniej odwiedzanej przez u\u017cytkownika (link referencyjny), w przypadku gdy do witryny impactnewenergy.com dotar\u0142 za po\u015brednictwem linku,<\/li>\n\n\n\n<li>informacje o przegl\u0105darce u\u017cytkownika,<\/li>\n\n\n\n<li>informacje o b\u0142\u0119dach, jakie wyst\u0105pi\u0142y podczas realizacji transakcji HTTP,<\/li>\n\n\n\n<li>mo\u017cna przechowywa\u0107 do 6 miesi\u0119cy.<\/li>\n<\/ul>\n\n\n\n<p>Dane te nie s\u0105 powi\u0105zane z konkretnymi osobami przegl\u0105daj\u0105cymi impactnewenergy.com. Aby zapewni\u0107 najwy\u017csz\u0105 mo\u017cliw\u0105 jako\u015b\u0107 witryny, od czasu do czasu analizujemy pliki dziennika, aby ustali\u0107: kt\u00f3re strony s\u0105 odwiedzane najcz\u0119\u015bciej, kt\u00f3re przegl\u0105darki internetowe s\u0105 u\u017cywane, czy struktura witryny zawiera b\u0142\u0119dy itp. <\/p>\n\n\n\n<h2 class=\"wp-block-heading\">Pliki cookie stron trzecich s\u0105 przechowywane<\/h2>\n\n\n\n<p>Dostawca plik\u00f3w cookie: Google Analytics<\/p>\n\n\n\n<p>Nazwa pliku cookie: _ga<\/p>\n\n\n\n<p>Cel pliku cookie: zbieranie informacji i raportowanie statystyk korzystania ze strony internetowej bez osobistej identyfikacji poszczeg\u00f3lnych u\u017cytkownik\u00f3w w Google oraz odr\u00f3\u017cnianie poszczeg\u00f3lnych u\u017cytkownik\u00f3w od siebie<\/p>\n\n\n\n<p>Typ pliku cookie: Pliki cookie podmiot\u00f3w trzecich<\/p>\n\n\n\n<p>Okres wa\u017cno\u015bci pliku cookie: 2 lata<\/p>\n\n\n\n<h2 class=\"wp-block-heading\">Na stronie internetowej wykorzystywane s\u0105 nast\u0119puj\u0105ce pliki cookie \u2013 przyk\u0142ad pliku znajdziesz w tabeli<\/h2>\n\n\n\n<figure class=\"wp-block-table\"><table><tbody><tr><td><strong>Dostawca plik\u00f3w cookie<\/strong><\/td><td><strong>Nazwa pliku cookie<\/strong><\/td><td><strong>Cel pliku cookie<\/strong><\/td><td><strong>Typ pliku cookie<\/strong><\/td><td><strong>Okres wa\u017cno\u015bci pliku cookie<\/strong><\/td><\/tr><tr><td>WPML<\/td><td>wp-wpml_current_language<\/td><td>Przechowuje informacje o wybranym j\u0119zyku witryny<\/td><td>Pliki cookie pierwszej strony<\/td><td>1 rok<\/td><\/tr><tr><td>CookieConsent<\/td><td>cmplz<\/td><td>Przechowuje status zgody u\u017cytkownika na u\u017cywanie plik\u00f3w cookie dla bie\u017c\u0105cej domeny<\/td><td>Pliki cookie pierwszej strony<\/td><td>1 rok<\/td><\/tr><tr><td>Google Analytics<\/td><td>_ga<\/td><td>zbieranie informacji i raportowanie statystyk korzystania ze strony internetowej bez osobistej identyfikacji poszczeg\u00f3lnych u\u017cytkownik\u00f3w Google<\/td><td>Pliki cookie stron trzecich<\/td><td>2 lata<\/td><\/tr><\/tbody><\/table><\/figure>\n\n\n\n<h2 class=\"wp-block-heading\">Zarz\u0105dzanie plikami cookie<\/h2>\n\n\n\n<p>W wielu przypadkach oprogramowanie s\u0142u\u017c\u0105ce do przegl\u0105dania stron internetowych (przegl\u0105darka internetowa) domy\u015blnie dopuszcza przechowywanie plik\u00f3w cookies w urz\u0105dzeniu ko\u0144cowym u\u017cytkownika. U\u017cytkownicy serwisu mog\u0105 dokona\u0107 w ka\u017cdym czasie zmiany ustawie\u0144 dotycz\u0105cych plik\u00f3w cookies. Ustawienia te mog\u0105 zosta\u0107 zmienione w szczeg\u00f3lno\u015bci w taki spos\u00f3b, aby blokowa\u0107 automatyczn\u0105 obs\u0142ug\u0119 plik\u00f3w cookies w ustawieniach przegl\u0105darki internetowej b\u0105d\u017a informowa\u0107 o ich ka\u017cdorazowym zamieszczeniu w urz\u0105dzeniu u\u017cytkownika serwisu internetowego. Szczeg\u00f3\u0142owe informacje o mo\u017cliwo\u015bci i sposobach obs\u0142ugi plik\u00f3w cookies dost\u0119pne s\u0105 w ustawieniach oprogramowania przegl\u0105darki, z kt\u00f3rej korzystasz.   <\/p>\n\n\n\n<p>Operator serwisu informuje, \u017ce ograniczenia stosowania plik\u00f3w cookies mog\u0105 wp\u0142yn\u0105\u0107 na niekt\u00f3re funkcjonalno\u015bci dost\u0119pne na stronach internetowych serwisu.<\/p>\n\n\n\n<p>Informacje na temat sposobu konfiguracji ustawie\u0144 plik\u00f3w cookies w poszczeg\u00f3lnych przegl\u0105darkach mo\u017cna znale\u017a\u0107 m.in. na stronach:<\/p>\n\n\n\n<ul class=\"wp-block-list\">\n<li>Google Chrome: http:\/\/support.google.com\/chrome\/bin\/answer.py?hl=planswer=95647;<\/li>\n\n\n\n<li>Mozilla Firefox: http:\/\/support.mozilla.org\/pl\/kb\/usuwanie-ciasteczek;<\/li>\n\n\n\n<li>Microsoft Internet Explorer: http:\/\/support.mocrosoft.com\/kb\/278835\/pl<\/li>\n<\/ul>\n\n\n\n<p>U\u017cytkownik ma r\u00f3wnie\u017c mo\u017cliwo\u015b\u0107 wy\u0142\u0105czenia nast\u0119puj\u0105cych plik\u00f3w cookie:<\/p>\n\n\n\n<ul class=\"wp-block-list\">\n<li>Google Analytics, by downloading the module available at: https:\/\/tools.google.com\/dlpage\/gaoptout\/<\/li>\n\n\n\n<li>Insight Tag of Linkedln by modifying user settings on Linkedln: <a href=\"https:\/\/www.linkedin.com\/psettings\/\">https:\/\/www.linkedin.com\/psettings\/<\/a><\/li>\n<\/ul>\n\n\n\n<h2 class=\"wp-block-heading\">Udost\u0119pnianie danych<\/h2>\n\n\n\n<p>Pliki cookies zamieszczane w urz\u0105dzeniu ko\u0144cowym U\u017cytkownika Serwisu nie b\u0119d\u0105 wykorzystywane przez wsp\u00f3\u0142pracuj\u0105cych z operatorem Serwisu reklamodawc\u00f3w ani partner\u00f3w.<\/p>\n\n\n\n<p>Wi\u0119cej informacji na temat plik\u00f3w cookies znajdziesz w sekcji \u201ePomoc\u201d w menu Twojej przegl\u0105darki.<\/p>\n\n\n\n<p>Warszawa, 05.10.2023<\/p>\n<\/div><\/div><\/section>\n\n\r\n<\/section>\r\n","protected":false},"excerpt":{"rendered":"","protected":false},"author":7,"featured_media":0,"parent":0,"menu_order":0,"comment_status":"closed","ping_status":"closed","template":"","meta":{"footnotes":""},"class_list":["post-5802","page","type-page","status-publish","hentry"],"acf":[],"yoast_head":"<!-- This site is optimized with the Yoast SEO plugin v24.0 - https:\/\/yoast.com\/wordpress\/plugins\/seo\/ -->\n<title>Polityka plik\u00f3w cookie - IMPACT Clean Power Technology<\/title>\n<meta name=\"robots\" content=\"index, follow, max-snippet:-1, max-image-preview:large, max-video-preview:-1\" \/>\n<link rel=\"canonical\" href=\"https:\/\/impactnewenergy.com\/pl\/polityka-plikow-cookie\/\" \/>\n<meta property=\"og:locale\" content=\"pl_PL\" \/>\n<meta property=\"og:type\" content=\"article\" \/>\n<meta property=\"og:title\" content=\"Polityka plik\u00f3w cookie - IMPACT Clean Power Technology\" \/>\n<meta property=\"og:url\" content=\"https:\/\/impactnewenergy.com\/pl\/polityka-plikow-cookie\/\" \/>\n<meta property=\"og:site_name\" content=\"IMPACT Clean Power Technology\" \/>\n<meta property=\"article:modified_time\" content=\"2025-04-02T06:35:27+00:00\" \/>\n<meta name=\"twitter:card\" content=\"summary_large_image\" \/>\n<meta name=\"twitter:label1\" content=\"Szacowany czas czytania\" \/>\n\t<meta name=\"twitter:data1\" content=\"5 minut\" \/>\n<script type=\"application\/ld+json\" class=\"yoast-schema-graph\">{\"@context\":\"https:\/\/schema.org\",\"@graph\":[{\"@type\":\"WebPage\",\"@id\":\"https:\/\/impactnewenergy.com\/pl\/polityka-plikow-cookie\/\",\"url\":\"https:\/\/impactnewenergy.com\/pl\/polityka-plikow-cookie\/\",\"name\":\"Polityka plik\u00f3w cookie - IMPACT Clean Power Technology\",\"isPartOf\":{\"@id\":\"https:\/\/impactnewenergy.com\/#website\"},\"datePublished\":\"2023-10-05T09:08:01+00:00\",\"dateModified\":\"2025-04-02T06:35:27+00:00\",\"breadcrumb\":{\"@id\":\"https:\/\/impactnewenergy.com\/pl\/polityka-plikow-cookie\/#breadcrumb\"},\"inLanguage\":\"pl-PL\",\"potentialAction\":[{\"@type\":\"ReadAction\",\"target\":[\"https:\/\/impactnewenergy.com\/pl\/polityka-plikow-cookie\/\"]}]},{\"@type\":\"BreadcrumbList\",\"@id\":\"https:\/\/impactnewenergy.com\/pl\/polityka-plikow-cookie\/#breadcrumb\",\"itemListElement\":[{\"@type\":\"ListItem\",\"position\":1,\"name\":\"Home\",\"item\":\"https:\/\/impactnewenergy.com\/pl\/\"},{\"@type\":\"ListItem\",\"position\":2,\"name\":\"Polityka plik\u00f3w cookie\"}]},{\"@type\":\"WebSite\",\"@id\":\"https:\/\/impactnewenergy.com\/#website\",\"url\":\"https:\/\/impactnewenergy.com\/\",\"name\":\"IMPACT Clean Power Technology\",\"description\":\"Inventing ways to manage your energy\",\"publisher\":{\"@id\":\"https:\/\/impactnewenergy.com\/#organization\"},\"potentialAction\":[{\"@type\":\"SearchAction\",\"target\":{\"@type\":\"EntryPoint\",\"urlTemplate\":\"https:\/\/impactnewenergy.com\/?s={search_term_string}\"},\"query-input\":{\"@type\":\"PropertyValueSpecification\",\"valueRequired\":true,\"valueName\":\"search_term_string\"}}],\"inLanguage\":\"pl-PL\"},{\"@type\":\"Organization\",\"@id\":\"https:\/\/impactnewenergy.com\/#organization\",\"name\":\"IMPACT\",\"url\":\"https:\/\/impactnewenergy.com\/\",\"logo\":{\"@type\":\"ImageObject\",\"inLanguage\":\"pl-PL\",\"@id\":\"https:\/\/impactnewenergy.com\/#\/schema\/logo\/image\/\",\"url\":\"https:\/\/impactnewenergy.com\/wp-content\/uploads\/2023\/09\/impact-logo-dark.svg\",\"contentUrl\":\"https:\/\/impactnewenergy.com\/wp-content\/uploads\/2023\/09\/impact-logo-dark.svg\",\"width\":145,\"height\":20,\"caption\":\"IMPACT\"},\"image\":{\"@id\":\"https:\/\/impactnewenergy.com\/#\/schema\/logo\/image\/\"},\"sameAs\":[\"https:\/\/www.linkedin.com\/company\/impact-clean-power-technology-s-a-\/\",\"https:\/\/www.youtube.com\/channel\/UCKRxJi2acocsc-tyXb4aacg\"]}]}<\/script>\n<!-- \/ Yoast SEO plugin. -->","yoast_head_json":{"title":"Polityka plik\u00f3w cookie - IMPACT Clean Power Technology","robots":{"index":"index","follow":"follow","max-snippet":"max-snippet:-1","max-image-preview":"max-image-preview:large","max-video-preview":"max-video-preview:-1"},"canonical":"https:\/\/impactnewenergy.com\/pl\/polityka-plikow-cookie\/","og_locale":"pl_PL","og_type":"article","og_title":"Polityka plik\u00f3w cookie - IMPACT Clean Power Technology","og_url":"https:\/\/impactnewenergy.com\/pl\/polityka-plikow-cookie\/","og_site_name":"IMPACT Clean Power Technology","article_modified_time":"2025-04-02T06:35:27+00:00","twitter_card":"summary_large_image","twitter_misc":{"Szacowany czas czytania":"5 minut"},"schema":{"@context":"https:\/\/schema.org","@graph":[{"@type":"WebPage","@id":"https:\/\/impactnewenergy.com\/pl\/polityka-plikow-cookie\/","url":"https:\/\/impactnewenergy.com\/pl\/polityka-plikow-cookie\/","name":"Polityka plik\u00f3w cookie - IMPACT Clean Power Technology","isPartOf":{"@id":"https:\/\/impactnewenergy.com\/#website"},"datePublished":"2023-10-05T09:08:01+00:00","dateModified":"2025-04-02T06:35:27+00:00","breadcrumb":{"@id":"https:\/\/impactnewenergy.com\/pl\/polityka-plikow-cookie\/#breadcrumb"},"inLanguage":"pl-PL","potentialAction":[{"@type":"ReadAction","target":["https:\/\/impactnewenergy.com\/pl\/polityka-plikow-cookie\/"]}]},{"@type":"BreadcrumbList","@id":"https:\/\/impactnewenergy.com\/pl\/polityka-plikow-cookie\/#breadcrumb","itemListElement":[{"@type":"ListItem","position":1,"name":"Home","item":"https:\/\/impactnewenergy.com\/pl\/"},{"@type":"ListItem","position":2,"name":"Polityka plik\u00f3w cookie"}]},{"@type":"WebSite","@id":"https:\/\/impactnewenergy.com\/#website","url":"https:\/\/impactnewenergy.com\/","name":"IMPACT Clean Power Technology","description":"Inventing ways to manage your energy","publisher":{"@id":"https:\/\/impactnewenergy.com\/#organization"},"potentialAction":[{"@type":"SearchAction","target":{"@type":"EntryPoint","urlTemplate":"https:\/\/impactnewenergy.com\/?s={search_term_string}"},"query-input":{"@type":"PropertyValueSpecification","valueRequired":true,"valueName":"search_term_string"}}],"inLanguage":"pl-PL"},{"@type":"Organization","@id":"https:\/\/impactnewenergy.com\/#organization","name":"IMPACT","url":"https:\/\/impactnewenergy.com\/","logo":{"@type":"ImageObject","inLanguage":"pl-PL","@id":"https:\/\/impactnewenergy.com\/#\/schema\/logo\/image\/","url":"https:\/\/impactnewenergy.com\/wp-content\/uploads\/2023\/09\/impact-logo-dark.svg","contentUrl":"https:\/\/impactnewenergy.com\/wp-content\/uploads\/2023\/09\/impact-logo-dark.svg","width":145,"height":20,"caption":"IMPACT"},"image":{"@id":"https:\/\/impactnewenergy.com\/#\/schema\/logo\/image\/"},"sameAs":["https:\/\/www.linkedin.com\/company\/impact-clean-power-technology-s-a-\/","https:\/\/www.youtube.com\/channel\/UCKRxJi2acocsc-tyXb4aacg"]}]}},"_links":{"self":[{"href":"https:\/\/impactnewenergy.com\/pl\/wp-json\/wp\/v2\/pages\/5802","targetHints":{"allow":["GET"]}}],"collection":[{"href":"https:\/\/impactnewenergy.com\/pl\/wp-json\/wp\/v2\/pages"}],"about":[{"href":"https:\/\/impactnewenergy.com\/pl\/wp-json\/wp\/v2\/types\/page"}],"author":[{"embeddable":true,"href":"https:\/\/impactnewenergy.com\/pl\/wp-json\/wp\/v2\/users\/7"}],"replies":[{"embeddable":true,"href":"https:\/\/impactnewenergy.com\/pl\/wp-json\/wp\/v2\/comments?post=5802"}],"version-history":[{"count":2,"href":"https:\/\/impactnewenergy.com\/pl\/wp-json\/wp\/v2\/pages\/5802\/revisions"}],"predecessor-version":[{"id":7536,"href":"https:\/\/impactnewenergy.com\/pl\/wp-json\/wp\/v2\/pages\/5802\/revisions\/7536"}],"wp:attachment":[{"href":"https:\/\/impactnewenergy.com\/pl\/wp-json\/wp\/v2\/media?parent=5802"}],"curies":[{"name":"wp","href":"https:\/\/api.w.org\/{rel}","templated":true}]}}