{"id":5822,"date":"2024-04-29T14:03:00","date_gmt":"2024-04-29T12:03:00","guid":{"rendered":"https:\/\/impactnewenergy.com\/quality-policy\/"},"modified":"2024-12-12T09:51:37","modified_gmt":"2024-12-12T07:51:37","slug":"polityka-jakosci","status":"publish","type":"page","link":"https:\/\/impactnewenergy.com\/pl\/polityka-jakosci\/","title":{"rendered":"Polityka jako\u015bci"},"content":{"rendered":"\r\n<section class=\"block-acf block-hero block-hero--one_col\"  data-id=\"block_797cd949e9e206369cbcd910db5630c2\">\r\n\t<style>.block-hero{margin-block:0;margin-bottom:5rem;padding-top:3.75rem}@media(min-width: 1200px)and (max-width: 1399px){.block-hero .container{max-width:81.5625rem}}@media(min-width: 1400px){.block-hero .container{padding:0 3.5rem}}.block-hero__inner{padding-top:1.125rem}@media(max-width: 1199px){.block-hero__inner h1 br{display:none}}.block-hero h1{text-transform:uppercase;margin-top:0}@media(max-width: 991px){.block-hero h1{font-size:1.75rem}}.block-hero p{margin-bottom:2rem;font-size:1.375rem;line-height:1.4545454545;font-weight:400}@media(min-width: 992px){.block-hero p{font-size:1.625rem;line-height:1.2307692308;margin-bottom:3rem}}.block-hero__image{position:relative;overflow:hidden;width:100%}@media(min-width: 992px){.block-hero__image{padding-top:26.25rem}}@media(min-width: 1400px){.block-hero__image{max-height:26.25rem}}@media(max-width: 991px){.block-hero__image{margin-top:2rem}}.block-hero__image img{max-width:100%;width:100%}@media(max-width: 991px){.block-hero__image img{aspect-ratio:705\/469;object-fit:cover}}@media(min-width: 992px){.block-hero__image img{position:absolute;top:0;left:0;right:0;height:100%;width:100%;object-fit:cover;object-position:center}}.block-hero__image::after{position:absolute;content:\"\";width:100%;height:100%;inset:0;background:rgba(61,63,146,.2);mix-blend-mode:overlay}@media(min-width: 992px){.block-hero__img-top img{object-position:top}}@media(min-width: 992px){.block-hero__img-bottom img{object-position:bottom}}@media(min-width: 992px){.block-hero--two_cols{padding-top:2rem}}@media(min-width: 992px){.block-hero--two_cols .block-hero__inner h1+.c-btn{margin-top:0}}@media(min-width: 992px)and (max-width: 1199px){.block-hero--two_cols .block-hero__inner p>br{display:none}}@media(min-width: 992px){.block-hero--two_cols .block-hero__row{display:grid;grid-template-columns:1fr 50%;grid-gap:3.5625rem}}@media(min-width: 992px){.block-hero--two_cols .block-hero__image{height:100%;max-height:29.3125rem;padding:0}}@media(min-width: 1400px){.block-hero--two_cols .block-hero__image{height:29.3125rem;padding:0}}.block-hero--two_cols .block-hero__image::after{background:rgba(65,65,65,.3);mix-blend-mode:multiply}@media(min-width: 992px){.block-hero--two_cols .c-btn{margin-top:0.9375rem}}@media(max-width: 991px){.block-hero--two_cols .block-video{margin-top:3rem}}.block-hero--two_cols .block-video--oembed .iframe-wrapper{max-height:21.875rem;padding-bottom:56.4%}@media(min-width: 992px){.block-hero--two_cols.block-hero--video .block-hero__row{align-items:center}}.block-hero--one_col .block-hero__image,.block-hero--one_col .block-video{margin-top:2rem}@media(min-width: 992px){.block-hero--one_col .block-hero__image,.block-hero--one_col .block-video{margin-top:3rem}}@media(min-width: 1200px){.block-hero--one_col.block-hero--oembed .block-video--autoplay{height:26.25rem}}.block-hero__bg-image{position:absolute;width:100%;height:100%;inset:0;z-index:-1}.block-hero__bg-image img{height:100%;width:100%;position:absolute;object-fit:cover}.block-hero__bg-image::after{position:absolute;content:\"\";width:100%;height:100%;inset:0;background:url(\"https:\/\/impactnewenergy.com\/wp-content\/themes\/impact\/images\/page-theme\/hero-pattern.svg\") top left no-repeat;background-size:cover}.block-hero--with-img-bg,.block-hero--with-video-bg{padding-top:3rem;padding-bottom:3rem;position:relative}@media(min-width: 992px){.block-hero--with-img-bg,.block-hero--with-video-bg{min-height:40.625rem;padding-top:9.3125rem;padding-bottom:3rem}}@media(min-width: 992px){.block-hero--with-img-bg .block-hero__inner,.block-hero--with-video-bg .block-hero__inner{max-width:66.0625rem}}@media(min-width: 992px){.block-hero--with-img-bg .block-hero__inner p,.block-hero--with-video-bg .block-hero__inner p{max-width:42.75rem;font-size:1.25rem;line-height:1.4;font-weight:500}}.block-hero--with-video-bg{overflow:hidden}.block-hero--with-video-bg .block-video{position:absolute;width:100%;height:100%;inset:0;z-index:-1;margin:0;max-height:unset !important}.block-hero--with-video-bg .block-video .video-bg-file{width:100%;height:100%;object-fit:cover;object-position:center;position:absolute}.block-hero--with-video-bg .block-video .iframe-wrapper{width:100%;height:100%;object-fit:cover;position:absolute;padding:0;margin:0;max-width:unset !important;max-height:unset !important;bottom:0}.block-hero--with-video-bg .block-video .iframe-wrapper,.block-hero--with-video-bg .block-video .video-internal-file{max-width:100%;max-height:100%}.block-hero--with-video-bg .block-video .video-internal-file{padding-bottom:0;height:100%}@media(min-width: 1200px){.block-hero--with-video-bg .block-video--oembed.block-video--autoplay{height:100%}}@media(min-width: 1200px){.block-hero--with-video-bg .block-video--oembed.block-video--autoplay .iframe-wrapper{top:0;transform:translateY(0)}}.block-hero__sticky-button{position:fixed;right:0;bottom:2%;border-radius:3.125rem 0 0 3.125rem;background:rgba(61,63,146,.8);color:#fff;padding:1.25rem 2.5rem;transition:color .2s,background-color .2s;font-size:1.125rem;line-height:1.3333333333;font-weight:400;z-index:2}.block-hero__sticky-button:hover,.block-hero__sticky-button:focus{color:#fff;background:#3cbcc9}@media(min-width: 992px){.block-hero__sticky-button{padding:1.75rem 3.25rem 1.75rem 4.5rem}}@media(min-width: 992px){.home .block-hero{padding-top:4.0625rem}}.home .block-hero .block-hero__inner h1{margin-bottom:2rem}@media(min-width: 992px){.home .block-hero .block-hero__inner h1{font-size:3rem;line-height:1.125;margin-bottom:3rem}}@media(min-width: 992px){.block-hero--modal .block-hero__inner{padding-top:0}}<\/style>\t\r\n\t\r\n\t<div class=\"container\">\r\n\t\t<div class=\"block-hero__row\">\r\n\t\t\t<div class=\"block-hero__inner\" data-scroll-animation>\r\n\t\t\t\t\t\t\t\t\t<h1><span style=\"color: #21d5e8\">Polityka jako\u015bci <\/span>firmy<br \/>\nCLEAN POWER TECHNOLOGY S.A.<\/h1>\n\t\t\t\t\r\n\t\t\t\t\r\n\t\t\t\t\t\t\t<\/div>\r\n\r\n\t\t\t\r\n\t\t\t\t\t<\/div>\r\n\t<\/div>\r\n\t<\/section>\r\n\n\n\r\n<section class=\"block-acf section section-wrapper section section--default\"  data-id=\"block_84f76a3f05dc3d4a36e37ee1ce2c433d\">\r\n\t<style>body.single-post .page-entry .block-acf.section .container,body.single-news .page-entry .block-acf.section .container{padding:0}.section--white{background-color:#fff;color:#0d0d0e}.section--gray{background-color:#f5f4f5;color:#0d0d0e}.page-content .section--indigo{background-color:#d8d9e9;color:#0d0d0e}.page-content .section--indigo a:not([class]){background-image:linear-gradient(transparent 50%, rgba(61, 63, 146, 0.2) 50%);color:#0d0d0e}.page-content .section--indigo a:not([class]):hover{color:#0d0d0e}<\/style>\t\t\t\n\n<section class=\"wp-block-custom-container alignwide block-content  block-content--spacing-top block-content--spacing-bottom\"><style>.block-content--spacing-top{padding-top:70px}.block-content--spacing-bottom{padding-bottom:70px}.block-content--margin-top{margin-top:84px}.block-content--margin-bottom{margin-bottom:84px}.container__body .wp-block-columns:last-child{margin-bottom:0}<\/style><div class=\"container container--wide\"><div class=\"container__body\">\n<p class=\"is-style-large-wide-width\">Zobowi\u0105zujemy si\u0119 realizowa\u0107 nasze cele poprzez spe\u0142nianie w ca\u0142ym \u0142a\u0144cuchu dostaw wymaga\u0144 wszystkich zainteresowanych stron, w szczeg\u00f3lno\u015bci wymaga\u0144 prawnych i wymaga\u0144 Klient\u00f3w, a tak\u017ce zobowi\u0105zujemy si\u0119 ci\u0105gle doskonali\u0107 system zarz\u0105dzania jako\u015bci\u0105 zgodny z ISO 9001:2015 i IATF 16949:2016, dbaj\u0105c jednocze\u015bnie o bezpiecze\u0144stwo, \u015brodowisko i warunki pracy zgodnie z ISO 45001:2018, ISO 14001:2015.<\/p>\n\n\n\n<div style=\"height:48px\" aria-hidden=\"true\" class=\"wp-block-spacer\"><\/div>\n\n\n<style>.wp-block-columns{justify-content:space-between;margin:3rem 0;flex-wrap:wrap !important}@media(min-width: 992px){.wp-block-columns{margin:4.5rem 0;flex-wrap:nowrap !important}}@media(max-width: 991px){.wp-block-columns:not(.is-not-stacked-on-mobile)>.wp-block-column{flex-basis:100% !important}}style+.wp-block-columns{margin-top:0}@media(min-width: 992px){.wp-block-columns h5+p.is-style-large{margin-top:1.5rem}}@media(min-width: 992px){.wp-block-columns p.is-style-large+.wp-block-buttons{margin-top:-1.5rem}}.wp-block-columns p.is-style-default+.wp-block-buttons{margin-top:3.5rem;flex-direction:column}@media(min-width: 992px){.wp-block-columns p.is-style-default+.wp-block-buttons{margin-top:4.5625rem}}.wp-block-columns a[href^=\"mailto:\"],.wp-block-columns a[href^=\"tel:\"]{text-decoration:none}.wp-block-columns a[href^=\"mailto:\"]::before,.wp-block-columns a[href^=\"tel:\"]::before{content:unset}.wp-block-heading+.wp-block-columns{margin-top:3rem}<\/style>\n<div class=\"wp-block-columns alignwide is-layout-flex wp-container-core-columns-is-layout-1 wp-block-columns-is-layout-flex\"><style>.wp-block-column style+*{margin-top:0}.wp-block-column *:only-child{margin:0 !important}.wp-block-column *:last-child{margin-bottom:0}.wp-block-column>.wp-block-buttons:first-child{margin:0.25rem 0}<\/style>\n<div class=\"wp-block-column is-vertically-aligned-top is-layout-flow wp-block-column-is-layout-flow\" style=\"flex-basis:40%\">\n<h2 class=\"wp-block-heading has-text-align-left has-ui-green-blue-contrast-color has-text-color\">Misja<\/h2>\n\n\n\n<p>Tworzenie sposob\u00f3w na magazynowanie Twojej energii<\/p>\n<\/div>\n\n\n\n<div class=\"wp-block-column is-vertically-aligned-top is-layout-flow wp-block-column-is-layout-flow\" style=\"flex-basis:60%\">\n<h2 class=\"wp-block-heading has-text-align-left has-ui-green-blue-contrast-color has-text-color\">Wizja<\/h2>\n\n\n\n<p>Utrzymanie pozycji globalnej, TOP 3 w Europie i TOP 10 na \u015awiecie w\u015br\u00f3d producent\u00f3w nowoczesnych system\u00f3w magazynowania energii dla transportu publicznego, przemys\u0142u, robotyki i odnawialnych \u017ar\u00f3de\u0142 energii<\/p>\n<\/div>\n<\/div>\n\n\n\n<div style=\"height:48px\" aria-hidden=\"true\" class=\"wp-block-spacer\"><\/div>\n\n\n\n<div class=\"wp-block-columns is-layout-flex wp-container-core-columns-is-layout-2 wp-block-columns-is-layout-flex\">\n<div class=\"wp-block-column is-layout-flow wp-block-column-is-layout-flow\">\n<p class=\"is-style-subheading has-ui-green-blue-contrast-color has-text-color has-large-font-size\">Projektujemy i produkujemy baterie autobusowe, transportu ci\u0119\u017carowego i kolejowego w modelu OEM. Wprowadzamy model Build-to-Print <\/p>\n<\/div>\n\n\n\n<div class=\"wp-block-column is-layout-flow wp-block-column-is-layout-flow\">\n<p class=\"is-style-subheading has-ui-green-blue-contrast-color has-text-color has-large-font-size\">Tworzymy Dzia\u0142 Inwestycji aby kompleksowo dostarcza\u0107 wielkoskalowe magazyny energii <br>w modelu inwestycji pod klucz<\/p>\n<\/div>\n<\/div>\n\n\n\n<ul class=\"wp-block-list is-style-default\">\n<li>Projektowanie i produkcja niezawodnych system\u00f3w bateryjnych dla transportu publicznego<\/li>\n\n\n\n<li>Budowa system\u00f3w bateryjnych i wodorowych opartych o w\u0142asne technologie<\/li>\n\n\n\n<li>Us\u0142ugi Battery as a Service i Hydrogen as a Service<\/li>\n\n\n\n<li>Prowadzenie kompleksowych projekt\u00f3w inwestycyjnych w magazynach energii<\/li>\n<\/ul>\n\n\n\n<h3 class=\"wp-block-heading has-ui-green-blue-contrast-color has-text-color\">Cele strategiczne firmy<\/h3>\n\n\n\n<ol class=\"wp-block-list\">\n<li>Wprowadzenie innowacyjnych produkt\u00f3w na rynek<\/li>\n\n\n\n<li>Dywersyfikacja rynk\u00f3w \/ klient\u00f3w<\/li>\n\n\n\n<li>Zapewnienie d\u0142ugofalowych mo\u017cliwo\u015bci produkcyjnych<\/li>\n<\/ol>\n\n\n\n<p>IMPACT zastrzega sobie prawo do zmiany Polityki jako\u015bci Impact Clean Power Technology S.A. poprzez publikacj\u0119 jej nowej tre\u015bci na stronie internetowej. Po dokonaniu zmiany Polityka jako\u015bci Impact Clean Power Technology S.A. zostanie umieszczona na stronie internetowej z now\u0105 dat\u0105. <\/p>\n\n\n\n<p>Warsaw, 26.04.2024<\/p>\n<\/div><\/div><\/section>\n\n\r\n<\/section>\r\n\n\n\r\n<section class=\"block-acf section section-wrapper section section--default\"  data-id=\"block_84f76a3f05dc3d4a36e37ee1ce2c433d\">\r\n\t\t\t\t\n\n<section class=\"wp-block-custom-container alignwide block-content\"><div class=\"container container--wide\"><div class=\"container__body\">\n<h2 class=\"wp-block-heading\">Pobierz <\/h2>\n\n\n\n<div class=\"wp-block-buttons is-vertical is-layout-flex wp-container-core-buttons-is-layout-1 wp-block-buttons-is-layout-flex\"><style>.wp-block-buttons{margin:2.5rem 0;gap:1rem}.wp-block-buttons>.wp-block-button{display:inline-flex}div.wp-block-button--icon>.wp-block-button__link::after{content:var(--buttonIcon);font-family:\"iconfont-impact\";font-size:0.9375rem;font-weight:500;font-style:normal;font-variant:normal;line-height:1;text-transform:none;-webkit-font-smoothing:antialiased;-moz-osx-font-smoothing:grayscale}div.wp-block-button>div,div.wp-block-button a,div.wp-block-button button{display:inline-flex;align-items:center;justify-content:center;font-size:0.9375rem;font-weight:600;line-height:1.375rem;font-family:\"Archivo Semi Expanded\",sans-serif;cursor:pointer;appearance:none;column-gap:0.625rem;border-radius:3.125rem;padding:1rem 1.9375rem 0.9375rem;transition:background-color .2s,color .2s,border-color .2s;text-align:center}div.wp-block-button--icon-align-left>.wp-block-button__link{flex-direction:row-reverse}div.wp-block-button--primary>.wp-block-button__link{border:0.125rem solid #0d0d0e;background-color:rgba(0,0,0,0);color:#0d0d0e}div.wp-block-button--primary.wp-block-button--color-alt>.wp-block-button__link{border:0.125rem solid #fff;color:#fff}div.wp-block-button--primary.wp-block-button--color-green-blue-contrast>.wp-block-button__link{border:0.125rem solid #21d5e8;color:#fff}div.wp-block-button--primary.wp-block-button--color-indigo>.wp-block-button__link{border:0.125rem solid #3d3f92;color:#3d3f92}div.wp-block-button--primary.wp-block-button--color-green-blue-contrast>.wp-block-button__link:focus,div.wp-block-button--primary.wp-block-button--color-alt>.wp-block-button__link:focus,div.wp-block-button--primary.wp-block-button--color-normal>.wp-block-button__link:focus{border-color:#5c5fd1;color:#fff;background-color:#5c5fd1}div.wp-block-button--secondary>.wp-block-button__link{border:0.125rem solid #0d0d0e;background-color:#0d0d0e;color:#fff}div.wp-block-button--secondary.wp-block-button--color-alt>.wp-block-button__link{border:0.125rem solid #fff;color:#0d0d0e;background-color:#fff}div.wp-block-button--secondary.wp-block-button--color-green-blue-contrast>.wp-block-button__link{border:0.125rem solid #21d5e8;background-color:#21d5e8;color:#0d0d0e}div.wp-block-button--secondary.wp-block-button--color-indigo>.wp-block-button__link{border:0.125rem solid #3d3f92;background-color:#3d3f92;color:#fff}div.wp-block-button--secondary.wp-block-button--color-green-blue-contrast>.wp-block-button__link:focus,div.wp-block-button--secondary.wp-block-button--color-alt>.wp-block-button__link:focus,div.wp-block-button--secondary.wp-block-button--color-normal>.wp-block-button__link:focus{border-color:#5c5fd1;color:#fff;background-color:#5c5fd1}div.wp-block-button--tertiary>.wp-block-button__link{color:#0d0d0e;padding:0;border-radius:unset;text-align:left;font-size:1.125rem;line-height:1.2222222222;font-weight:400;background-color:unset}div.wp-block-button--tertiary.wp-block-button--icon>.wp-block-button__link{column-gap:1.0625rem}div.wp-block-button--tertiary.wp-block-button--icon>.wp-block-button__link::after{font-size:1.125rem}div.wp-block-button--tertiary.wp-block-button--icon.wp-block-button--icon-align-left>.wp-block-button__link{column-gap:1.375rem}div.wp-block-button--tertiary.wp-block-button--icon.wp-block-button--icon-align-left>.wp-block-button__link::after{font-size:1.8125rem}div.wp-block-button--small>.wp-block-button__link{color:#0d0d0e;padding:0;border-radius:unset;text-align:left;font-size:1.125rem;line-height:1.2222222222;font-weight:400;background-color:unset;font-size:0.9375rem;line-height:1.4666666667;font-weight:600}div.wp-block-button--small.wp-block-button--icon>.wp-block-button__link{column-gap:1.0625rem}div.wp-block-button--small.wp-block-button--icon>.wp-block-button__link::after{font-size:0.75rem}div.wp-block-button--small.wp-block-button--icon.wp-block-button--icon-align-left>.wp-block-button__link{column-gap:1.25rem}div.wp-block-button--small.wp-block-button--icon.wp-block-button--icon-align-left>.wp-block-button__link::after{font-size:1.25rem}div.wp-block-button--tertiary.wp-block-button--hover-dark .wp-block-button__link:focus,div.wp-block-button--tertiary.wp-block-button--hover-dark .wp-block-button__link:hover,div.wp-block-button--small.wp-block-button--hover-dark .wp-block-button__link:focus,div.wp-block-button--small.wp-block-button--hover-dark .wp-block-button__link:hover{color:#5c5fd1;background-color:unset}div.wp-block-button--tertiary.wp-block-button--hover-light .wp-block-button__link:focus,div.wp-block-button--tertiary.wp-block-button--hover-light .wp-block-button__link:hover,div.wp-block-button--small.wp-block-button--hover-light .wp-block-button__link:focus,div.wp-block-button--small.wp-block-button--hover-light .wp-block-button__link:hover{color:#fff;background-color:unset}div.wp-block-button--tertiary.wp-block-button--color-alt>.wp-block-button__link,div.wp-block-button--small.wp-block-button--color-alt>.wp-block-button__link{color:#fff}div.wp-block-button--tertiary.wp-block-button--color-green-blue-contrast>.wp-block-button__link,div.wp-block-button--small.wp-block-button--color-green-blue-contrast>.wp-block-button__link{color:#21d5e8}div.wp-block-button--tertiary.wp-block-button--color-indigo>.wp-block-button__link,div.wp-block-button--small.wp-block-button--color-indigo>.wp-block-button__link{color:#3d3f92}div.wp-block-button--hover-dark .wp-block-button__link:hover{border-color:#0d0d0e;color:#fff;background-color:#0d0d0e}div.wp-block-button--hover-light .wp-block-button__link:hover{border-color:#fff;color:#0d0d0e;background-color:#fff}<\/style>\n<div class=\"wp-block-button wp-block-button--tertiary wp-block-button--color-green-blue-contrast wp-block-button--hover-light wp-block-button--icon wp-block-button--icon-align-right\" style=\"--buttonIcon:&quot;\uea04&quot;\"><a class=\"wp-block-button__link wp-element-button\" href=\"https:\/\/impactnewenergy.com\/wp-content\/uploads\/2024\/12\/Polityka-jakos\u0301ci-pl-2024.pdf\">POLITYKA JAKO\u015aCI<\/a><\/div>\n\n\n\n<div class=\"wp-block-button wp-block-button--tertiary wp-block-button--color-green-blue-contrast wp-block-button--hover-light wp-block-button--icon wp-block-button--icon-align-right\" style=\"--buttonIcon:&quot;\uea04&quot;\"><a class=\"wp-block-button__link wp-element-button\" href=\"https:\/\/impactnewenergy.com\/wp-content\/uploads\/2024\/12\/Polityka-jakos\u0301ci-ang-2024.pdf\">QUALITY POLICY<\/a><\/div>\n<\/div>\n\n\n\n<div style=\"height:48px\" aria-hidden=\"true\" class=\"wp-block-spacer\"><\/div>\n<\/div><\/div><\/section>\n\n\r\n<\/section>\r\n","protected":false},"excerpt":{"rendered":"","protected":false},"author":7,"featured_media":0,"parent":0,"menu_order":0,"comment_status":"closed","ping_status":"closed","template":"","meta":{"footnotes":""},"class_list":["post-5822","page","type-page","status-publish","hentry"],"acf":[],"yoast_head":"<!-- This site is optimized with the Yoast SEO plugin v24.0 - https:\/\/yoast.com\/wordpress\/plugins\/seo\/ -->\n<title>Polityka jako\u015bci - IMPACT Clean Power Technology<\/title>\n<meta name=\"robots\" content=\"index, follow, max-snippet:-1, max-image-preview:large, max-video-preview:-1\" \/>\n<link rel=\"canonical\" href=\"https:\/\/impactnewenergy.com\/pl\/polityka-jakosci\/\" \/>\n<meta property=\"og:locale\" content=\"pl_PL\" \/>\n<meta property=\"og:type\" content=\"article\" \/>\n<meta property=\"og:title\" content=\"Polityka jako\u015bci - IMPACT Clean Power Technology\" \/>\n<meta property=\"og:url\" content=\"https:\/\/impactnewenergy.com\/pl\/polityka-jakosci\/\" \/>\n<meta property=\"og:site_name\" content=\"IMPACT Clean Power Technology\" \/>\n<meta property=\"article:modified_time\" content=\"2024-12-12T07:51:37+00:00\" \/>\n<meta name=\"twitter:card\" content=\"summary_large_image\" \/>\n<meta name=\"twitter:label1\" content=\"Szacowany czas czytania\" \/>\n\t<meta name=\"twitter:data1\" content=\"1 minuta\" \/>\n<script type=\"application\/ld+json\" class=\"yoast-schema-graph\">{\"@context\":\"https:\/\/schema.org\",\"@graph\":[{\"@type\":\"WebPage\",\"@id\":\"https:\/\/impactnewenergy.com\/pl\/polityka-jakosci\/\",\"url\":\"https:\/\/impactnewenergy.com\/pl\/polityka-jakosci\/\",\"name\":\"Polityka jako\u015bci - IMPACT Clean Power Technology\",\"isPartOf\":{\"@id\":\"https:\/\/impactnewenergy.com\/#website\"},\"datePublished\":\"2024-04-29T12:03:00+00:00\",\"dateModified\":\"2024-12-12T07:51:37+00:00\",\"breadcrumb\":{\"@id\":\"https:\/\/impactnewenergy.com\/pl\/polityka-jakosci\/#breadcrumb\"},\"inLanguage\":\"pl-PL\",\"potentialAction\":[{\"@type\":\"ReadAction\",\"target\":[\"https:\/\/impactnewenergy.com\/pl\/polityka-jakosci\/\"]}]},{\"@type\":\"BreadcrumbList\",\"@id\":\"https:\/\/impactnewenergy.com\/pl\/polityka-jakosci\/#breadcrumb\",\"itemListElement\":[{\"@type\":\"ListItem\",\"position\":1,\"name\":\"Home\",\"item\":\"https:\/\/impactnewenergy.com\/pl\/\"},{\"@type\":\"ListItem\",\"position\":2,\"name\":\"Polityka jako\u015bci\"}]},{\"@type\":\"WebSite\",\"@id\":\"https:\/\/impactnewenergy.com\/#website\",\"url\":\"https:\/\/impactnewenergy.com\/\",\"name\":\"IMPACT Clean Power Technology\",\"description\":\"Inventing ways to manage your energy\",\"publisher\":{\"@id\":\"https:\/\/impactnewenergy.com\/#organization\"},\"potentialAction\":[{\"@type\":\"SearchAction\",\"target\":{\"@type\":\"EntryPoint\",\"urlTemplate\":\"https:\/\/impactnewenergy.com\/?s={search_term_string}\"},\"query-input\":{\"@type\":\"PropertyValueSpecification\",\"valueRequired\":true,\"valueName\":\"search_term_string\"}}],\"inLanguage\":\"pl-PL\"},{\"@type\":\"Organization\",\"@id\":\"https:\/\/impactnewenergy.com\/#organization\",\"name\":\"IMPACT\",\"url\":\"https:\/\/impactnewenergy.com\/\",\"logo\":{\"@type\":\"ImageObject\",\"inLanguage\":\"pl-PL\",\"@id\":\"https:\/\/impactnewenergy.com\/#\/schema\/logo\/image\/\",\"url\":\"https:\/\/impactnewenergy.com\/wp-content\/uploads\/2023\/09\/impact-logo-dark.svg\",\"contentUrl\":\"https:\/\/impactnewenergy.com\/wp-content\/uploads\/2023\/09\/impact-logo-dark.svg\",\"width\":145,\"height\":20,\"caption\":\"IMPACT\"},\"image\":{\"@id\":\"https:\/\/impactnewenergy.com\/#\/schema\/logo\/image\/\"},\"sameAs\":[\"https:\/\/www.linkedin.com\/company\/impact-clean-power-technology-s-a-\/\",\"https:\/\/www.youtube.com\/channel\/UCKRxJi2acocsc-tyXb4aacg\"]}]}<\/script>\n<!-- \/ Yoast SEO plugin. -->","yoast_head_json":{"title":"Polityka jako\u015bci - IMPACT Clean Power Technology","robots":{"index":"index","follow":"follow","max-snippet":"max-snippet:-1","max-image-preview":"max-image-preview:large","max-video-preview":"max-video-preview:-1"},"canonical":"https:\/\/impactnewenergy.com\/pl\/polityka-jakosci\/","og_locale":"pl_PL","og_type":"article","og_title":"Polityka jako\u015bci - IMPACT Clean Power Technology","og_url":"https:\/\/impactnewenergy.com\/pl\/polityka-jakosci\/","og_site_name":"IMPACT Clean Power Technology","article_modified_time":"2024-12-12T07:51:37+00:00","twitter_card":"summary_large_image","twitter_misc":{"Szacowany czas czytania":"1 minuta"},"schema":{"@context":"https:\/\/schema.org","@graph":[{"@type":"WebPage","@id":"https:\/\/impactnewenergy.com\/pl\/polityka-jakosci\/","url":"https:\/\/impactnewenergy.com\/pl\/polityka-jakosci\/","name":"Polityka jako\u015bci - IMPACT Clean Power Technology","isPartOf":{"@id":"https:\/\/impactnewenergy.com\/#website"},"datePublished":"2024-04-29T12:03:00+00:00","dateModified":"2024-12-12T07:51:37+00:00","breadcrumb":{"@id":"https:\/\/impactnewenergy.com\/pl\/polityka-jakosci\/#breadcrumb"},"inLanguage":"pl-PL","potentialAction":[{"@type":"ReadAction","target":["https:\/\/impactnewenergy.com\/pl\/polityka-jakosci\/"]}]},{"@type":"BreadcrumbList","@id":"https:\/\/impactnewenergy.com\/pl\/polityka-jakosci\/#breadcrumb","itemListElement":[{"@type":"ListItem","position":1,"name":"Home","item":"https:\/\/impactnewenergy.com\/pl\/"},{"@type":"ListItem","position":2,"name":"Polityka jako\u015bci"}]},{"@type":"WebSite","@id":"https:\/\/impactnewenergy.com\/#website","url":"https:\/\/impactnewenergy.com\/","name":"IMPACT Clean Power Technology","description":"Inventing ways to manage your energy","publisher":{"@id":"https:\/\/impactnewenergy.com\/#organization"},"potentialAction":[{"@type":"SearchAction","target":{"@type":"EntryPoint","urlTemplate":"https:\/\/impactnewenergy.com\/?s={search_term_string}"},"query-input":{"@type":"PropertyValueSpecification","valueRequired":true,"valueName":"search_term_string"}}],"inLanguage":"pl-PL"},{"@type":"Organization","@id":"https:\/\/impactnewenergy.com\/#organization","name":"IMPACT","url":"https:\/\/impactnewenergy.com\/","logo":{"@type":"ImageObject","inLanguage":"pl-PL","@id":"https:\/\/impactnewenergy.com\/#\/schema\/logo\/image\/","url":"https:\/\/impactnewenergy.com\/wp-content\/uploads\/2023\/09\/impact-logo-dark.svg","contentUrl":"https:\/\/impactnewenergy.com\/wp-content\/uploads\/2023\/09\/impact-logo-dark.svg","width":145,"height":20,"caption":"IMPACT"},"image":{"@id":"https:\/\/impactnewenergy.com\/#\/schema\/logo\/image\/"},"sameAs":["https:\/\/www.linkedin.com\/company\/impact-clean-power-technology-s-a-\/","https:\/\/www.youtube.com\/channel\/UCKRxJi2acocsc-tyXb4aacg"]}]}},"_links":{"self":[{"href":"https:\/\/impactnewenergy.com\/pl\/wp-json\/wp\/v2\/pages\/5822","targetHints":{"allow":["GET"]}}],"collection":[{"href":"https:\/\/impactnewenergy.com\/pl\/wp-json\/wp\/v2\/pages"}],"about":[{"href":"https:\/\/impactnewenergy.com\/pl\/wp-json\/wp\/v2\/types\/page"}],"author":[{"embeddable":true,"href":"https:\/\/impactnewenergy.com\/pl\/wp-json\/wp\/v2\/users\/7"}],"replies":[{"embeddable":true,"href":"https:\/\/impactnewenergy.com\/pl\/wp-json\/wp\/v2\/comments?post=5822"}],"version-history":[{"count":6,"href":"https:\/\/impactnewenergy.com\/pl\/wp-json\/wp\/v2\/pages\/5822\/revisions"}],"predecessor-version":[{"id":6276,"href":"https:\/\/impactnewenergy.com\/pl\/wp-json\/wp\/v2\/pages\/5822\/revisions\/6276"}],"wp:attachment":[{"href":"https:\/\/impactnewenergy.com\/pl\/wp-json\/wp\/v2\/media?parent=5822"}],"curies":[{"name":"wp","href":"https:\/\/api.w.org\/{rel}","templated":true}]}}