{"id":7286,"date":"2025-02-06T09:35:50","date_gmt":"2025-02-06T07:35:50","guid":{"rendered":"https:\/\/impactnewenergy.com\/klauzula-kontaktowa\/"},"modified":"2025-02-06T09:54:32","modified_gmt":"2025-02-06T07:54:32","slug":"klauzula-kontaktowa","status":"publish","type":"page","link":"https:\/\/impactnewenergy.com\/pl\/klauzula-kontaktowa\/","title":{"rendered":"Klauzula kontaktowa"},"content":{"rendered":"\n<p>Informujemy, \u017ce:<\/p>\n\n<ol class=\"wp-block-list\">\n<li>Administratorem Pani\/Pana danych osobowych jest Impact Clean Power Technology S.A. z siedzib\u0105 <br\/>w Pruszkowie (05-800), ul. Przejazdowa 22, KRS: 0000378990, NIP: 525-250-10-81, REGON: 142846310. <\/li>\n\n\n\n<li>W przypadku jakichkolwiek pyta\u0144 zwi\u0105zanych z przetwarzaniem Pani\/Pana danych osobowych zach\u0119camy do kontaktu z Inspektorem Ochrony Danych, kt\u00f3ry mo\u017cliwy jest poprzez adres mailowy: rodo@icpt.pl lub pisemnie na adres 05-800 Pruszk\u00f3w, ul. Przejazdowa 22 z dopiskiem \u201eInspektor Ochrony Danych\u201d. <\/li>\n\n\n\n<li>Pa\u0144stwa dane osobowe b\u0119d\u0105 przetwarzane w celu obs\u0142ugi przes\u0142anego zapytania\/korespondencji jak r\u00f3wnie\u017c w celu ewentualnego przes\u0142ania informacji handlowych.<\/li>\n\n\n\n<li>Pani\/Pana dane b\u0119d\u0105 przetwarzane na podstawie wyra\u017conej zgody (art. 6 ust. 1 lit. a) Rozporz\u0105dzenia Parlamentu Europejskiego i Rady (UE) 2016\/679) oraz na podstawie prawnie uzasadnionego interesu administratora (art. 6 ust. 1 lit. f) Rozporz\u0105dzenia Parlamentu Europejskiego i Rady (UE) 2016\/679), jakim jest obs\u0142uga przes\u0142anej korespondencji.<\/li>\n\n\n\n<li>Pani\/Pana dane osobowe nie b\u0119d\u0105 przetwarzane w spos\u00f3b zautomatyzowany, w tym r\u00f3wnie\u017c w formie profilowania.<\/li>\n\n\n\n<li>Recipients of your data may include entities provOdbiorcami Pani\/Pana danych mog\u0105 by\u0107 podmioty \u015bwiadcz\u0105ce us\u0142ugi IT.iding IT services.<\/li>\n\n\n\n<li>Pani\/Pana dane osobowe b\u0119d\u0105 przechowywane przez okres niezb\u0119dny do realizacji zada\u0144 wynikaj\u0105cych z tre\u015bci korespondencji lub do czasu wycofania zgody.<\/li>\n\n\n\n<li>Zgoda na przetwarzanie danych osobowych mo\u017ce zosta\u0107 wycofana w dowolnym momencie drog\u0105 elektroniczn\u0105 na adres rodo@icpt.pl Wycofanie zgody nie wp\u0142ywa na zgodno\u015b\u0107 z prawem przetwarzania, kt\u00f3rego dokonano na podstawie zgody przed jej wycofaniem. <\/li>\n\n\n\n<li>Ma Pani\/Pan prawo do \u017c\u0105dania dost\u0119pu do swoich danych osobowych, ich sprostowania, usuni\u0119cia lub ograniczenia przetwarzania, prawo do wniesienia sprzeciwu wobec przetwarzania, a tak\u017ce prawo do przenoszenia danych.<\/li>\n\n\n\n<li>Podanie danych ma charakter dobrowolny, ale jest niezb\u0119dny do realizacji w\/w celu.<\/li>\n\n\n\n<li>Pani\/Pana dane osobowe b\u0119d\u0105 przechowywane przez okres niezb\u0119dny do realizacji zada\u0144 wynikaj\u0105cych z tre\u015bci korespondencji lub do czasu wycofania zgody.<\/li>\n\n\n\n<li>Informujemy, \u017ce przys\u0142uguje Pani\/Panu prawo wniesienia skargi do organu nadzorczego jakim jest Prezes Urz\u0119du Ochrony Danych Osobowych.<\/li>\n<\/ol>\n\n<p>Mo\u017cesz cofn\u0105\u0107 wszystkie lub wybrane zgody w dowolnym momencie, kontaktuj\u0105c si\u0119 z rodo@icpt.pl. Cofni\u0119cie zgody nie wp\u0142ywa na zgodno\u015b\u0107 z prawem przetwarzania, kt\u00f3rego dokonano na podstawie zgody przed jej cofni\u0119ciem. <\/p>\n\n<p><\/p>\n","protected":false},"excerpt":{"rendered":"<p>Informujemy, \u017ce: Mo\u017cesz cofn\u0105\u0107 wszystkie lub wybrane zgody w dowolnym momencie, kontaktuj\u0105c si\u0119 z rodo@icpt.pl. Cofni\u0119cie zgody nie wp\u0142ywa na zgodno\u015b\u0107 z prawem przetwarzania, kt\u00f3rego dokonano na podstawie zgody przed jej cofni\u0119ciem.<\/p>\n","protected":false},"author":7,"featured_media":0,"parent":0,"menu_order":0,"comment_status":"closed","ping_status":"closed","template":"","meta":{"footnotes":""},"class_list":["post-7286","page","type-page","status-publish","hentry"],"acf":[],"yoast_head":"<!-- This site is optimized with the Yoast SEO plugin v24.0 - https:\/\/yoast.com\/wordpress\/plugins\/seo\/ -->\n<title>Klauzula kontaktowa - IMPACT Clean Power Technology<\/title>\n<meta name=\"robots\" content=\"index, follow, max-snippet:-1, max-image-preview:large, max-video-preview:-1\" \/>\n<link rel=\"canonical\" href=\"https:\/\/impactnewenergy.com\/pl\/klauzula-kontaktowa\/\" \/>\n<meta property=\"og:locale\" content=\"pl_PL\" \/>\n<meta property=\"og:type\" content=\"article\" \/>\n<meta property=\"og:title\" content=\"Klauzula kontaktowa - IMPACT Clean Power Technology\" \/>\n<meta property=\"og:description\" content=\"Informujemy, \u017ce: Mo\u017cesz cofn\u0105\u0107 wszystkie lub wybrane zgody w dowolnym momencie, kontaktuj\u0105c si\u0119 z rodo@icpt.pl. Cofni\u0119cie zgody nie wp\u0142ywa na zgodno\u015b\u0107 z prawem przetwarzania, kt\u00f3rego dokonano na podstawie zgody przed jej cofni\u0119ciem.\" \/>\n<meta property=\"og:url\" content=\"https:\/\/impactnewenergy.com\/pl\/klauzula-kontaktowa\/\" \/>\n<meta property=\"og:site_name\" content=\"IMPACT Clean Power Technology\" \/>\n<meta property=\"article:modified_time\" content=\"2025-02-06T07:54:32+00:00\" \/>\n<meta name=\"twitter:card\" content=\"summary_large_image\" \/>\n<meta name=\"twitter:label1\" content=\"Szacowany czas czytania\" \/>\n\t<meta name=\"twitter:data1\" content=\"2 minuty\" \/>\n<script type=\"application\/ld+json\" class=\"yoast-schema-graph\">{\"@context\":\"https:\/\/schema.org\",\"@graph\":[{\"@type\":\"WebPage\",\"@id\":\"https:\/\/impactnewenergy.com\/pl\/klauzula-kontaktowa\/\",\"url\":\"https:\/\/impactnewenergy.com\/pl\/klauzula-kontaktowa\/\",\"name\":\"Klauzula kontaktowa - IMPACT Clean Power Technology\",\"isPartOf\":{\"@id\":\"https:\/\/impactnewenergy.com\/#website\"},\"datePublished\":\"2025-02-06T07:35:50+00:00\",\"dateModified\":\"2025-02-06T07:54:32+00:00\",\"breadcrumb\":{\"@id\":\"https:\/\/impactnewenergy.com\/pl\/klauzula-kontaktowa\/#breadcrumb\"},\"inLanguage\":\"pl-PL\",\"potentialAction\":[{\"@type\":\"ReadAction\",\"target\":[\"https:\/\/impactnewenergy.com\/pl\/klauzula-kontaktowa\/\"]}]},{\"@type\":\"BreadcrumbList\",\"@id\":\"https:\/\/impactnewenergy.com\/pl\/klauzula-kontaktowa\/#breadcrumb\",\"itemListElement\":[{\"@type\":\"ListItem\",\"position\":1,\"name\":\"Home\",\"item\":\"https:\/\/impactnewenergy.com\/pl\/\"},{\"@type\":\"ListItem\",\"position\":2,\"name\":\"Klauzula kontaktowa\"}]},{\"@type\":\"WebSite\",\"@id\":\"https:\/\/impactnewenergy.com\/#website\",\"url\":\"https:\/\/impactnewenergy.com\/\",\"name\":\"IMPACT Clean Power Technology\",\"description\":\"Inventing ways to manage your energy\",\"publisher\":{\"@id\":\"https:\/\/impactnewenergy.com\/#organization\"},\"potentialAction\":[{\"@type\":\"SearchAction\",\"target\":{\"@type\":\"EntryPoint\",\"urlTemplate\":\"https:\/\/impactnewenergy.com\/?s={search_term_string}\"},\"query-input\":{\"@type\":\"PropertyValueSpecification\",\"valueRequired\":true,\"valueName\":\"search_term_string\"}}],\"inLanguage\":\"pl-PL\"},{\"@type\":\"Organization\",\"@id\":\"https:\/\/impactnewenergy.com\/#organization\",\"name\":\"IMPACT\",\"url\":\"https:\/\/impactnewenergy.com\/\",\"logo\":{\"@type\":\"ImageObject\",\"inLanguage\":\"pl-PL\",\"@id\":\"https:\/\/impactnewenergy.com\/#\/schema\/logo\/image\/\",\"url\":\"https:\/\/impactnewenergy.com\/wp-content\/uploads\/2023\/09\/impact-logo-dark.svg\",\"contentUrl\":\"https:\/\/impactnewenergy.com\/wp-content\/uploads\/2023\/09\/impact-logo-dark.svg\",\"width\":145,\"height\":20,\"caption\":\"IMPACT\"},\"image\":{\"@id\":\"https:\/\/impactnewenergy.com\/#\/schema\/logo\/image\/\"},\"sameAs\":[\"https:\/\/www.linkedin.com\/company\/impact-clean-power-technology-s-a-\/\",\"https:\/\/www.youtube.com\/channel\/UCKRxJi2acocsc-tyXb4aacg\"]}]}<\/script>\n<!-- \/ Yoast SEO plugin. -->","yoast_head_json":{"title":"Klauzula kontaktowa - IMPACT Clean Power Technology","robots":{"index":"index","follow":"follow","max-snippet":"max-snippet:-1","max-image-preview":"max-image-preview:large","max-video-preview":"max-video-preview:-1"},"canonical":"https:\/\/impactnewenergy.com\/pl\/klauzula-kontaktowa\/","og_locale":"pl_PL","og_type":"article","og_title":"Klauzula kontaktowa - IMPACT Clean Power Technology","og_description":"Informujemy, \u017ce: Mo\u017cesz cofn\u0105\u0107 wszystkie lub wybrane zgody w dowolnym momencie, kontaktuj\u0105c si\u0119 z rodo@icpt.pl. Cofni\u0119cie zgody nie wp\u0142ywa na zgodno\u015b\u0107 z prawem przetwarzania, kt\u00f3rego dokonano na podstawie zgody przed jej cofni\u0119ciem.","og_url":"https:\/\/impactnewenergy.com\/pl\/klauzula-kontaktowa\/","og_site_name":"IMPACT Clean Power Technology","article_modified_time":"2025-02-06T07:54:32+00:00","twitter_card":"summary_large_image","twitter_misc":{"Szacowany czas czytania":"2 minuty"},"schema":{"@context":"https:\/\/schema.org","@graph":[{"@type":"WebPage","@id":"https:\/\/impactnewenergy.com\/pl\/klauzula-kontaktowa\/","url":"https:\/\/impactnewenergy.com\/pl\/klauzula-kontaktowa\/","name":"Klauzula kontaktowa - IMPACT Clean Power Technology","isPartOf":{"@id":"https:\/\/impactnewenergy.com\/#website"},"datePublished":"2025-02-06T07:35:50+00:00","dateModified":"2025-02-06T07:54:32+00:00","breadcrumb":{"@id":"https:\/\/impactnewenergy.com\/pl\/klauzula-kontaktowa\/#breadcrumb"},"inLanguage":"pl-PL","potentialAction":[{"@type":"ReadAction","target":["https:\/\/impactnewenergy.com\/pl\/klauzula-kontaktowa\/"]}]},{"@type":"BreadcrumbList","@id":"https:\/\/impactnewenergy.com\/pl\/klauzula-kontaktowa\/#breadcrumb","itemListElement":[{"@type":"ListItem","position":1,"name":"Home","item":"https:\/\/impactnewenergy.com\/pl\/"},{"@type":"ListItem","position":2,"name":"Klauzula kontaktowa"}]},{"@type":"WebSite","@id":"https:\/\/impactnewenergy.com\/#website","url":"https:\/\/impactnewenergy.com\/","name":"IMPACT Clean Power Technology","description":"Inventing ways to manage your energy","publisher":{"@id":"https:\/\/impactnewenergy.com\/#organization"},"potentialAction":[{"@type":"SearchAction","target":{"@type":"EntryPoint","urlTemplate":"https:\/\/impactnewenergy.com\/?s={search_term_string}"},"query-input":{"@type":"PropertyValueSpecification","valueRequired":true,"valueName":"search_term_string"}}],"inLanguage":"pl-PL"},{"@type":"Organization","@id":"https:\/\/impactnewenergy.com\/#organization","name":"IMPACT","url":"https:\/\/impactnewenergy.com\/","logo":{"@type":"ImageObject","inLanguage":"pl-PL","@id":"https:\/\/impactnewenergy.com\/#\/schema\/logo\/image\/","url":"https:\/\/impactnewenergy.com\/wp-content\/uploads\/2023\/09\/impact-logo-dark.svg","contentUrl":"https:\/\/impactnewenergy.com\/wp-content\/uploads\/2023\/09\/impact-logo-dark.svg","width":145,"height":20,"caption":"IMPACT"},"image":{"@id":"https:\/\/impactnewenergy.com\/#\/schema\/logo\/image\/"},"sameAs":["https:\/\/www.linkedin.com\/company\/impact-clean-power-technology-s-a-\/","https:\/\/www.youtube.com\/channel\/UCKRxJi2acocsc-tyXb4aacg"]}]}},"_links":{"self":[{"href":"https:\/\/impactnewenergy.com\/pl\/wp-json\/wp\/v2\/pages\/7286","targetHints":{"allow":["GET"]}}],"collection":[{"href":"https:\/\/impactnewenergy.com\/pl\/wp-json\/wp\/v2\/pages"}],"about":[{"href":"https:\/\/impactnewenergy.com\/pl\/wp-json\/wp\/v2\/types\/page"}],"author":[{"embeddable":true,"href":"https:\/\/impactnewenergy.com\/pl\/wp-json\/wp\/v2\/users\/7"}],"replies":[{"embeddable":true,"href":"https:\/\/impactnewenergy.com\/pl\/wp-json\/wp\/v2\/comments?post=7286"}],"version-history":[{"count":1,"href":"https:\/\/impactnewenergy.com\/pl\/wp-json\/wp\/v2\/pages\/7286\/revisions"}],"predecessor-version":[{"id":7287,"href":"https:\/\/impactnewenergy.com\/pl\/wp-json\/wp\/v2\/pages\/7286\/revisions\/7287"}],"wp:attachment":[{"href":"https:\/\/impactnewenergy.com\/pl\/wp-json\/wp\/v2\/media?parent=7286"}],"curies":[{"name":"wp","href":"https:\/\/api.w.org\/{rel}","templated":true}]}}